{"id":1041,"date":"2020-06-13T12:33:16","date_gmt":"2020-06-13T12:33:16","guid":{"rendered":"http:\/\/vecchiosrl.com.ar\/index\/?page_id=1041"},"modified":"2020-11-20T00:54:03","modified_gmt":"2020-11-20T00:54:03","slug":"control-de-calidad","status":"publish","type":"page","link":"https:\/\/vecchiosrl.com.ar\/index\/hormigon\/control-de-calidad\/","title":{"rendered":"Control de calidad"},"content":{"rendered":"\n<p>Para obtener un Hormig\u00f3n de primera calidad llevamos un control exhaustivo en cada etapa del proceso de elaboraci\u00f3n.<\/p>\n\n\n\n<p>Nuestros acopios de agregados son examinados peri\u00f3dicamente para as\u00ed asegurar que el producto final cumpla con los requerimientos necesarios.&nbsp;<\/p>\n\n\n\n<figure class=\"wp-block-gallery columns-3 is-cropped wp-block-gallery-1 is-layout-flex wp-block-gallery-is-layout-flex\"><ul class=\"blocks-gallery-grid\"><li class=\"blocks-gallery-item\"><figure><img loading=\"lazy\" decoding=\"async\" width=\"1024\" height=\"683\" src=\"http:\/\/vecchiosrl.com.ar\/index\/wp-content\/uploads\/2020\/06\/DSC_1339-1-1024x683.jpg\" alt=\"\" data-id=\"1045\" data-link=\"http:\/\/vecchiosrl.com.ar\/index\/control-de-calidad\/dsc_1339-1\/\" class=\"wp-image-1045\" srcset=\"https:\/\/vecchiosrl.com.ar\/index\/wp-content\/uploads\/2020\/06\/DSC_1339-1-1024x683.jpg 1024w, https:\/\/vecchiosrl.com.ar\/index\/wp-content\/uploads\/2020\/06\/DSC_1339-1-300x200.jpg 300w, https:\/\/vecchiosrl.com.ar\/index\/wp-content\/uploads\/2020\/06\/DSC_1339-1-768x512.jpg 768w, https:\/\/vecchiosrl.com.ar\/index\/wp-content\/uploads\/2020\/06\/DSC_1339-1-1536x1024.jpg 1536w, https:\/\/vecchiosrl.com.ar\/index\/wp-content\/uploads\/2020\/06\/DSC_1339-1-2048x1365.jpg 2048w, https:\/\/vecchiosrl.com.ar\/index\/wp-content\/uploads\/2020\/06\/DSC_1339-1-450x300.jpg 450w, https:\/\/vecchiosrl.com.ar\/index\/wp-content\/uploads\/2020\/06\/DSC_1339-1-272x182.jpg 272w\" sizes=\"auto, (max-width: 1024px) 100vw, 1024px\" \/><\/figure><\/li><li class=\"blocks-gallery-item\"><figure><img loading=\"lazy\" decoding=\"async\" width=\"1024\" height=\"683\" src=\"http:\/\/vecchiosrl.com.ar\/index\/wp-content\/uploads\/2020\/06\/DSC_1346-1-1024x683.jpg\" alt=\"\" data-id=\"1046\" data-link=\"http:\/\/vecchiosrl.com.ar\/index\/control-de-calidad\/dsc_1346-1\/\" class=\"wp-image-1046\" srcset=\"https:\/\/vecchiosrl.com.ar\/index\/wp-content\/uploads\/2020\/06\/DSC_1346-1-1024x683.jpg 1024w, https:\/\/vecchiosrl.com.ar\/index\/wp-content\/uploads\/2020\/06\/DSC_1346-1-300x200.jpg 300w, https:\/\/vecchiosrl.com.ar\/index\/wp-content\/uploads\/2020\/06\/DSC_1346-1-768x512.jpg 768w, https:\/\/vecchiosrl.com.ar\/index\/wp-content\/uploads\/2020\/06\/DSC_1346-1-1536x1024.jpg 1536w, https:\/\/vecchiosrl.com.ar\/index\/wp-content\/uploads\/2020\/06\/DSC_1346-1-2048x1365.jpg 2048w, https:\/\/vecchiosrl.com.ar\/index\/wp-content\/uploads\/2020\/06\/DSC_1346-1-450x300.jpg 450w, https:\/\/vecchiosrl.com.ar\/index\/wp-content\/uploads\/2020\/06\/DSC_1346-1-272x182.jpg 272w\" sizes=\"auto, (max-width: 1024px) 100vw, 1024px\" \/><\/figure><\/li><li class=\"blocks-gallery-item\"><figure><img loading=\"lazy\" decoding=\"async\" width=\"1024\" height=\"683\" src=\"http:\/\/vecchiosrl.com.ar\/index\/wp-content\/uploads\/2020\/06\/DSC_1390-2-1024x683.jpg\" alt=\"\" data-id=\"1047\" data-link=\"http:\/\/vecchiosrl.com.ar\/index\/control-de-calidad\/dsc_1390-2\/\" class=\"wp-image-1047\" srcset=\"https:\/\/vecchiosrl.com.ar\/index\/wp-content\/uploads\/2020\/06\/DSC_1390-2-1024x683.jpg 1024w, https:\/\/vecchiosrl.com.ar\/index\/wp-content\/uploads\/2020\/06\/DSC_1390-2-300x200.jpg 300w, https:\/\/vecchiosrl.com.ar\/index\/wp-content\/uploads\/2020\/06\/DSC_1390-2-768x512.jpg 768w, https:\/\/vecchiosrl.com.ar\/index\/wp-content\/uploads\/2020\/06\/DSC_1390-2-1536x1024.jpg 1536w, https:\/\/vecchiosrl.com.ar\/index\/wp-content\/uploads\/2020\/06\/DSC_1390-2-2048x1365.jpg 2048w, https:\/\/vecchiosrl.com.ar\/index\/wp-content\/uploads\/2020\/06\/DSC_1390-2-450x300.jpg 450w, https:\/\/vecchiosrl.com.ar\/index\/wp-content\/uploads\/2020\/06\/DSC_1390-2-272x182.jpg 272w\" sizes=\"auto, (max-width: 1024px) 100vw, 1024px\" \/><\/figure><\/li><li class=\"blocks-gallery-item\"><figure><img loading=\"lazy\" decoding=\"async\" width=\"1024\" height=\"768\" src=\"http:\/\/vecchiosrl.com.ar\/index\/wp-content\/uploads\/2020\/06\/DSCN8996-1024x768.jpg\" alt=\"\" data-id=\"1050\" data-link=\"http:\/\/vecchiosrl.com.ar\/index\/control-de-calidad\/dscn8996\/\" class=\"wp-image-1050\" srcset=\"https:\/\/vecchiosrl.com.ar\/index\/wp-content\/uploads\/2020\/06\/DSCN8996-1024x768.jpg 1024w, https:\/\/vecchiosrl.com.ar\/index\/wp-content\/uploads\/2020\/06\/DSCN8996-300x225.jpg 300w, https:\/\/vecchiosrl.com.ar\/index\/wp-content\/uploads\/2020\/06\/DSCN8996-768x576.jpg 768w, https:\/\/vecchiosrl.com.ar\/index\/wp-content\/uploads\/2020\/06\/DSCN8996-1536x1152.jpg 1536w, https:\/\/vecchiosrl.com.ar\/index\/wp-content\/uploads\/2020\/06\/DSCN8996-2048x1536.jpg 2048w\" sizes=\"auto, (max-width: 1024px) 100vw, 1024px\" \/><figcaption class=\"blocks-gallery-item__caption\">Acopios de arena<\/figcaption><\/figure><\/li><li class=\"blocks-gallery-item\"><figure><img loading=\"lazy\" decoding=\"async\" width=\"1024\" height=\"683\" src=\"http:\/\/vecchiosrl.com.ar\/index\/wp-content\/uploads\/2020\/06\/DSC_1355-2-1024x683.jpg\" alt=\"\" data-id=\"1051\" data-full-url=\"http:\/\/vecchiosrl.com.ar\/index\/wp-content\/uploads\/2020\/06\/DSC_1355-2-scaled.jpg\" data-link=\"http:\/\/vecchiosrl.com.ar\/index\/control-de-calidad\/dsc_1355-2-2\/\" class=\"wp-image-1051\" srcset=\"https:\/\/vecchiosrl.com.ar\/index\/wp-content\/uploads\/2020\/06\/DSC_1355-2-1024x683.jpg 1024w, https:\/\/vecchiosrl.com.ar\/index\/wp-content\/uploads\/2020\/06\/DSC_1355-2-300x200.jpg 300w, https:\/\/vecchiosrl.com.ar\/index\/wp-content\/uploads\/2020\/06\/DSC_1355-2-768x512.jpg 768w, https:\/\/vecchiosrl.com.ar\/index\/wp-content\/uploads\/2020\/06\/DSC_1355-2-1536x1024.jpg 1536w, https:\/\/vecchiosrl.com.ar\/index\/wp-content\/uploads\/2020\/06\/DSC_1355-2-2048x1365.jpg 2048w, https:\/\/vecchiosrl.com.ar\/index\/wp-content\/uploads\/2020\/06\/DSC_1355-2-450x300.jpg 450w, https:\/\/vecchiosrl.com.ar\/index\/wp-content\/uploads\/2020\/06\/DSC_1355-2-272x182.jpg 272w\" sizes=\"auto, (max-width: 1024px) 100vw, 1024px\" \/><\/figure><\/li><\/ul><\/figure>\n\n\n\n<p>Para poder llevar tranquilidad al cliente, VECCHIO S.R.L. consta con un laboratorio propio en las instalaciones de la planta para poder realizar los ensayos correspondientes y as\u00ed garantizar que el producto final cumple con las especificaciones y requerimientos que cada cliente solicita.<\/p>\n\n\n\n<p>Para poder llevar este riguroso control de calidad, se realizan distintos tipos de ensayos normalizados, entre los que se destacan:<\/p>\n\n\n\n<p>EN AGREGADOS:<\/p>\n\n\n\n<ul class=\"wp-block-list\"><li>An\u00e1lisis granulom\u00e9tricos (IRAM 1501\/1505)<\/li><li>Peso espec\u00edfico (IRAM 1520\/1533)<\/li><li>Absorci\u00f3n (IRAM 1520\/1533)<\/li><li>Peso unitario (IRAM 1548)<\/li><\/ul>\n\n\n\n<figure class=\"wp-block-gallery columns-2 is-cropped wp-block-gallery-2 is-layout-flex wp-block-gallery-is-layout-flex\"><ul class=\"blocks-gallery-grid\"><li class=\"blocks-gallery-item\"><figure><img loading=\"lazy\" decoding=\"async\" width=\"1024\" height=\"682\" src=\"http:\/\/vecchiosrl.com.ar\/index\/wp-content\/uploads\/2020\/11\/REF_6274-1024x682.jpg\" alt=\"\" data-id=\"1249\" data-full-url=\"http:\/\/vecchiosrl.com.ar\/index\/wp-content\/uploads\/2020\/11\/REF_6274-scaled.jpg\" data-link=\"http:\/\/vecchiosrl.com.ar\/index\/hormigon\/control-de-calidad\/ref_6274\/\" class=\"wp-image-1249\" srcset=\"https:\/\/vecchiosrl.com.ar\/index\/wp-content\/uploads\/2020\/11\/REF_6274-1024x682.jpg 1024w, https:\/\/vecchiosrl.com.ar\/index\/wp-content\/uploads\/2020\/11\/REF_6274-300x200.jpg 300w, https:\/\/vecchiosrl.com.ar\/index\/wp-content\/uploads\/2020\/11\/REF_6274-768x512.jpg 768w, https:\/\/vecchiosrl.com.ar\/index\/wp-content\/uploads\/2020\/11\/REF_6274-1536x1023.jpg 1536w, https:\/\/vecchiosrl.com.ar\/index\/wp-content\/uploads\/2020\/11\/REF_6274-2048x1364.jpg 2048w, https:\/\/vecchiosrl.com.ar\/index\/wp-content\/uploads\/2020\/11\/REF_6274-450x300.jpg 450w, https:\/\/vecchiosrl.com.ar\/index\/wp-content\/uploads\/2020\/11\/REF_6274-272x182.jpg 272w\" sizes=\"auto, (max-width: 1024px) 100vw, 1024px\" \/><figcaption class=\"blocks-gallery-item__caption\">Acopios de canto rodado<\/figcaption><\/figure><\/li><li class=\"blocks-gallery-item\"><figure><img loading=\"lazy\" decoding=\"async\" width=\"1024\" height=\"768\" src=\"http:\/\/vecchiosrl.com.ar\/index\/wp-content\/uploads\/2020\/11\/IMG_20180726_165834735-1-1024x768.jpg\" alt=\"\" data-id=\"1247\" data-link=\"http:\/\/vecchiosrl.com.ar\/index\/hormigon\/control-de-calidad\/img_20180726_165834735-1\/\" class=\"wp-image-1247\" srcset=\"https:\/\/vecchiosrl.com.ar\/index\/wp-content\/uploads\/2020\/11\/IMG_20180726_165834735-1-1024x768.jpg 1024w, https:\/\/vecchiosrl.com.ar\/index\/wp-content\/uploads\/2020\/11\/IMG_20180726_165834735-1-300x225.jpg 300w, https:\/\/vecchiosrl.com.ar\/index\/wp-content\/uploads\/2020\/11\/IMG_20180726_165834735-1-768x576.jpg 768w, https:\/\/vecchiosrl.com.ar\/index\/wp-content\/uploads\/2020\/11\/IMG_20180726_165834735-1-1536x1152.jpg 1536w, https:\/\/vecchiosrl.com.ar\/index\/wp-content\/uploads\/2020\/11\/IMG_20180726_165834735-1-2048x1536.jpg 2048w\" sizes=\"auto, (max-width: 1024px) 100vw, 1024px\" \/><figcaption class=\"blocks-gallery-item__caption\">Granulometr\u00edas \u00e1ridos  <\/figcaption><\/figure><\/li><\/ul><\/figure>\n\n\n\n<p>EN HORMIG\u00d3N FRESCO:<\/p>\n\n\n\n<ul class=\"wp-block-list\"><li>Asentamiento (IRAM 1536)<\/li><li>Aire incorporado (IRAM 1602)<\/li><li>Densidad (IRAM 1562)<\/li><\/ul>\n\n\n\n<figure class=\"wp-block-gallery columns-1 is-cropped wp-block-gallery-3 is-layout-flex wp-block-gallery-is-layout-flex\"><ul class=\"blocks-gallery-grid\"><li class=\"blocks-gallery-item\"><figure><img loading=\"lazy\" decoding=\"async\" width=\"1024\" height=\"1024\" src=\"http:\/\/vecchiosrl.com.ar\/index\/wp-content\/uploads\/2020\/11\/BeFunky-collage-3-2-1024x1024.jpg\" alt=\"\" data-id=\"1248\" data-full-url=\"http:\/\/vecchiosrl.com.ar\/index\/wp-content\/uploads\/2020\/11\/BeFunky-collage-3-2-scaled.jpg\" data-link=\"http:\/\/vecchiosrl.com.ar\/index\/hormigon\/control-de-calidad\/befunky-collage-3-2\/\" class=\"wp-image-1248\" srcset=\"https:\/\/vecchiosrl.com.ar\/index\/wp-content\/uploads\/2020\/11\/BeFunky-collage-3-2-1024x1024.jpg 1024w, https:\/\/vecchiosrl.com.ar\/index\/wp-content\/uploads\/2020\/11\/BeFunky-collage-3-2-300x300.jpg 300w, https:\/\/vecchiosrl.com.ar\/index\/wp-content\/uploads\/2020\/11\/BeFunky-collage-3-2-150x150.jpg 150w, https:\/\/vecchiosrl.com.ar\/index\/wp-content\/uploads\/2020\/11\/BeFunky-collage-3-2-768x768.jpg 768w, https:\/\/vecchiosrl.com.ar\/index\/wp-content\/uploads\/2020\/11\/BeFunky-collage-3-2-1536x1536.jpg 1536w, https:\/\/vecchiosrl.com.ar\/index\/wp-content\/uploads\/2020\/11\/BeFunky-collage-3-2-2048x2048.jpg 2048w, https:\/\/vecchiosrl.com.ar\/index\/wp-content\/uploads\/2020\/11\/BeFunky-collage-3-2-220x220.jpg 220w\" sizes=\"auto, (max-width: 1024px) 100vw, 1024px\" \/><figcaption class=\"blocks-gallery-item__caption\">Toma de muestra del material <\/figcaption><\/figure><\/li><\/ul><\/figure>\n\n\n\n<p>EN HORMIG\u00d3N ENDURECIDO:<\/p>\n\n\n\n<ul class=\"wp-block-list\"><li>Pruebas de carga seg\u00fan CIRSOC 201-2005 (Cap\u00edtulo 20)<\/li><li>Resistencia a la compresi\u00f3n (IRAM 1546)<\/li><\/ul>\n\n\n\n<figure class=\"wp-block-gallery columns-2 is-cropped wp-block-gallery-4 is-layout-flex wp-block-gallery-is-layout-flex\"><ul class=\"blocks-gallery-grid\"><li class=\"blocks-gallery-item\"><figure><img loading=\"lazy\" decoding=\"async\" width=\"1024\" height=\"768\" src=\"http:\/\/vecchiosrl.com.ar\/index\/wp-content\/uploads\/2020\/11\/IMG_20180718_120017893-1024x768.jpg\" alt=\"\" data-id=\"1246\" data-full-url=\"http:\/\/vecchiosrl.com.ar\/index\/wp-content\/uploads\/2020\/11\/IMG_20180718_120017893-scaled.jpg\" data-link=\"http:\/\/vecchiosrl.com.ar\/index\/hormigon\/control-de-calidad\/img_20180718_120017893\/\" class=\"wp-image-1246\" srcset=\"https:\/\/vecchiosrl.com.ar\/index\/wp-content\/uploads\/2020\/11\/IMG_20180718_120017893-1024x768.jpg 1024w, https:\/\/vecchiosrl.com.ar\/index\/wp-content\/uploads\/2020\/11\/IMG_20180718_120017893-300x225.jpg 300w, https:\/\/vecchiosrl.com.ar\/index\/wp-content\/uploads\/2020\/11\/IMG_20180718_120017893-768x576.jpg 768w, https:\/\/vecchiosrl.com.ar\/index\/wp-content\/uploads\/2020\/11\/IMG_20180718_120017893-1536x1152.jpg 1536w, https:\/\/vecchiosrl.com.ar\/index\/wp-content\/uploads\/2020\/11\/IMG_20180718_120017893-2048x1536.jpg 2048w\" sizes=\"auto, (max-width: 1024px) 100vw, 1024px\" \/><figcaption class=\"blocks-gallery-item__caption\">Piletas de curado para probetas de H\u00ba<\/figcaption><\/figure><\/li><li class=\"blocks-gallery-item\"><figure><img loading=\"lazy\" decoding=\"async\" width=\"1024\" height=\"682\" src=\"http:\/\/vecchiosrl.com.ar\/index\/wp-content\/uploads\/2020\/11\/REF_6343-1024x682.jpg\" alt=\"\" data-id=\"1244\" data-link=\"http:\/\/vecchiosrl.com.ar\/index\/hormigon\/control-de-calidad\/ref_6343\/\" class=\"wp-image-1244\" srcset=\"https:\/\/vecchiosrl.com.ar\/index\/wp-content\/uploads\/2020\/11\/REF_6343-1024x682.jpg 1024w, https:\/\/vecchiosrl.com.ar\/index\/wp-content\/uploads\/2020\/11\/REF_6343-300x200.jpg 300w, https:\/\/vecchiosrl.com.ar\/index\/wp-content\/uploads\/2020\/11\/REF_6343-768x512.jpg 768w, https:\/\/vecchiosrl.com.ar\/index\/wp-content\/uploads\/2020\/11\/REF_6343-1536x1023.jpg 1536w, https:\/\/vecchiosrl.com.ar\/index\/wp-content\/uploads\/2020\/11\/REF_6343-2048x1364.jpg 2048w, https:\/\/vecchiosrl.com.ar\/index\/wp-content\/uploads\/2020\/11\/REF_6343-450x300.jpg 450w, https:\/\/vecchiosrl.com.ar\/index\/wp-content\/uploads\/2020\/11\/REF_6343-272x182.jpg 272w\" sizes=\"auto, (max-width: 1024px) 100vw, 1024px\" \/><figcaption class=\"blocks-gallery-item__caption\">Probetas de H\u00ba cur\u00e1ndose <\/figcaption><\/figure><\/li><\/ul><\/figure>\n","protected":false},"excerpt":{"rendered":"<p>Para obtener un Hormig\u00f3n de primera calidad llevamos un control exhaustivo en cada etapa del proceso de elaboraci\u00f3n. Nuestros acopios de agregados son examinados peri\u00f3dicamente para as\u00ed asegurar que el producto final cumpla con los requerimientos necesarios.&nbsp; Para poder llevar tranquilidad al cliente, VECCHIO S.R.L. consta con un laboratorio propio en las instalaciones de la [&hellip;]<\/p>\n","protected":false},"author":2,"featured_media":0,"parent":90,"menu_order":0,"comment_status":"closed","ping_status":"closed","template":"","meta":{"_joinchat":[],"footnotes":""},"class_list":["post-1041","page","type-page","status-publish","hentry"],"_links":{"self":[{"href":"https:\/\/vecchiosrl.com.ar\/index\/wp-json\/wp\/v2\/pages\/1041","targetHints":{"allow":["GET"]}}],"collection":[{"href":"https:\/\/vecchiosrl.com.ar\/index\/wp-json\/wp\/v2\/pages"}],"about":[{"href":"https:\/\/vecchiosrl.com.ar\/index\/wp-json\/wp\/v2\/types\/page"}],"author":[{"embeddable":true,"href":"https:\/\/vecchiosrl.com.ar\/index\/wp-json\/wp\/v2\/users\/2"}],"replies":[{"embeddable":true,"href":"https:\/\/vecchiosrl.com.ar\/index\/wp-json\/wp\/v2\/comments?post=1041"}],"version-history":[{"count":3,"href":"https:\/\/vecchiosrl.com.ar\/index\/wp-json\/wp\/v2\/pages\/1041\/revisions"}],"predecessor-version":[{"id":1250,"href":"https:\/\/vecchiosrl.com.ar\/index\/wp-json\/wp\/v2\/pages\/1041\/revisions\/1250"}],"up":[{"embeddable":true,"href":"https:\/\/vecchiosrl.com.ar\/index\/wp-json\/wp\/v2\/pages\/90"}],"wp:attachment":[{"href":"https:\/\/vecchiosrl.com.ar\/index\/wp-json\/wp\/v2\/media?parent=1041"}],"curies":[{"name":"wp","href":"https:\/\/api.w.org\/{rel}","templated":true}]}}