{"id":1073,"date":"2020-06-25T09:26:42","date_gmt":"2020-06-25T09:26:42","guid":{"rendered":"http:\/\/vecchiosrl.com.ar\/index\/?page_id=1073"},"modified":"2020-11-20T00:31:57","modified_gmt":"2020-11-20T00:31:57","slug":"control-de-calidad-2","status":"publish","type":"page","link":"http:\/\/vecchiosrl.com.ar\/index\/asfalto\/control-de-calidad-2\/","title":{"rendered":"Control de Calidad"},"content":{"rendered":"\n<p>Al igual que con el hormig\u00f3n, las mezclas asf\u00e1lticas son elaboradas y controladas seg\u00fan las exigencias normativas, para poder brindar un producto de primera calidad a nuestros clientes.<\/p>\n\n\n\n<figure class=\"wp-block-gallery columns-1 is-cropped wp-block-gallery-1 is-layout-flex wp-block-gallery-is-layout-flex\"><ul class=\"blocks-gallery-grid\"><li class=\"blocks-gallery-item\"><figure><img loading=\"lazy\" decoding=\"async\" width=\"1024\" height=\"341\" src=\"http:\/\/vecchiosrl.com.ar\/index\/wp-content\/uploads\/2020\/11\/BeFunky-collage-6-1024x341.jpg\" alt=\"\" data-id=\"1237\" data-link=\"http:\/\/vecchiosrl.com.ar\/index\/asfalto\/control-de-calidad-2\/befunky-collage-6\/\" class=\"wp-image-1237\" srcset=\"http:\/\/vecchiosrl.com.ar\/index\/wp-content\/uploads\/2020\/11\/BeFunky-collage-6-1024x341.jpg 1024w, http:\/\/vecchiosrl.com.ar\/index\/wp-content\/uploads\/2020\/11\/BeFunky-collage-6-300x100.jpg 300w, http:\/\/vecchiosrl.com.ar\/index\/wp-content\/uploads\/2020\/11\/BeFunky-collage-6-768x256.jpg 768w, http:\/\/vecchiosrl.com.ar\/index\/wp-content\/uploads\/2020\/11\/BeFunky-collage-6-1536x512.jpg 1536w, http:\/\/vecchiosrl.com.ar\/index\/wp-content\/uploads\/2020\/11\/BeFunky-collage-6.jpg 1800w\" sizes=\"auto, (max-width: 1024px) 100vw, 1024px\" \/><figcaption class=\"blocks-gallery-item__caption\">Nuestra planta de asfalto&#8230;<\/figcaption><\/figure><\/li><li class=\"blocks-gallery-item\"><figure><img loading=\"lazy\" decoding=\"async\" width=\"1024\" height=\"341\" src=\"http:\/\/vecchiosrl.com.ar\/index\/wp-content\/uploads\/2020\/11\/BeFunky-collage-7-1024x341.jpg\" alt=\"\" data-id=\"1240\" data-full-url=\"http:\/\/vecchiosrl.com.ar\/index\/wp-content\/uploads\/2020\/11\/BeFunky-collage-7.jpg\" data-link=\"http:\/\/vecchiosrl.com.ar\/index\/asfalto\/control-de-calidad-2\/befunky-collage-7\/\" class=\"wp-image-1240\" srcset=\"http:\/\/vecchiosrl.com.ar\/index\/wp-content\/uploads\/2020\/11\/BeFunky-collage-7-1024x341.jpg 1024w, http:\/\/vecchiosrl.com.ar\/index\/wp-content\/uploads\/2020\/11\/BeFunky-collage-7-300x100.jpg 300w, http:\/\/vecchiosrl.com.ar\/index\/wp-content\/uploads\/2020\/11\/BeFunky-collage-7-768x256.jpg 768w, http:\/\/vecchiosrl.com.ar\/index\/wp-content\/uploads\/2020\/11\/BeFunky-collage-7-1536x512.jpg 1536w, http:\/\/vecchiosrl.com.ar\/index\/wp-content\/uploads\/2020\/11\/BeFunky-collage-7.jpg 1800w\" sizes=\"auto, (max-width: 1024px) 100vw, 1024px\" \/><figcaption class=\"blocks-gallery-item__caption\">&#8230;desde el aire.<\/figcaption><\/figure><\/li><\/ul><\/figure>\n\n\n\n<p>Como empresa constructora especializada en la construcci\u00f3n de caminos, nos interesa trabajar con mezclas asf\u00e1lticas que nos garanticen seguridad y tranquilidad al momento de su utilizaci\u00f3n, por ello llevamos rigurosos controles de calidad en nuestros laboratorios, para as\u00ed tambi\u00e9n poder proporcionar confianza al cliente.<\/p>\n\n\n\n<figure class=\"wp-block-gallery columns-0 is-cropped wp-block-gallery-2 is-layout-flex wp-block-gallery-is-layout-flex\"><ul class=\"blocks-gallery-grid\"><\/ul><\/figure>\n\n\n\n<p>Entre los ensayos normalizados que se destacan, se encuentran:<\/p>\n\n\n\n<p>EN AGREGADOS:<\/p>\n\n\n\n<p>An\u00e1lisis granulom\u00e9tricos (IRAM 1501\/1505).<\/p>\n\n\n\n<p>Peso espec\u00edfico (IRAM 1520\/1533).<\/p>\n\n\n\n<p>Densidad relativa, real, aparente y absorci\u00f3n.<\/p>\n\n\n\n<p>Peso unitario (IRAM 1548).<\/p>\n\n\n\n<p>Determinaci\u00f3n de Equivalente Arena (IRAM 1682).<\/p>\n\n\n\n<p>Ensayo de \u00cdndice de Lajosidad y Elongaci\u00f3n (IRAM 1687).<\/p>\n\n\n\n<p>Determinaci\u00f3n de Polvo Adherido (VN &#8211; E68-75).<\/p>\n\n\n\n<p>Ensayo de Resistencia al Desgaste con la M\u00e1quina \u201cLos \u00c1ngeles\u201d<\/p>\n\n\n\n<p>(IRAM 1532).<\/p>\n\n\n\n<p>Ensayo de Durabilidad por Ataque con Sulfato de Sodio (IRAM 1525).<\/p>\n\n\n\n<p>EN LA MEZCLA:<\/p>\n\n\n\n<p>ENSAYO MARSHALL \u2013 IRAM 6845<\/p>\n\n\n\n<p>Estabilidad.<\/p>\n\n\n\n<p>Relaci\u00f3n Estabilidad &#8211; Fluencia.<\/p>\n\n\n\n<p>Vac\u00edos de la Mezcla.<\/p>\n\n\n\n<p>Vac\u00edos del Agregado Mineral (VAM).<\/p>\n\n\n\n<p>Relaci\u00f3n Bet\u00fan \u2013 Vac\u00edos (RBV).<\/p>\n\n\n\n<p>Cemento asf\u00e1ltico (Contenido \u00d3ptimo).<\/p>\n","protected":false},"excerpt":{"rendered":"<p>Al igual que con el hormig\u00f3n, las mezclas asf\u00e1lticas son elaboradas y controladas seg\u00fan las exigencias normativas, para poder brindar un producto de primera calidad a nuestros clientes. Como empresa constructora especializada en la construcci\u00f3n de caminos, nos interesa trabajar con mezclas asf\u00e1lticas que nos garanticen seguridad y tranquilidad al momento de su utilizaci\u00f3n, por [&hellip;]<\/p>\n","protected":false},"author":2,"featured_media":0,"parent":627,"menu_order":0,"comment_status":"closed","ping_status":"closed","template":"","meta":{"_joinchat":[],"footnotes":""},"class_list":["post-1073","page","type-page","status-publish","hentry"],"_links":{"self":[{"href":"http:\/\/vecchiosrl.com.ar\/index\/wp-json\/wp\/v2\/pages\/1073","targetHints":{"allow":["GET"]}}],"collection":[{"href":"http:\/\/vecchiosrl.com.ar\/index\/wp-json\/wp\/v2\/pages"}],"about":[{"href":"http:\/\/vecchiosrl.com.ar\/index\/wp-json\/wp\/v2\/types\/page"}],"author":[{"embeddable":true,"href":"http:\/\/vecchiosrl.com.ar\/index\/wp-json\/wp\/v2\/users\/2"}],"replies":[{"embeddable":true,"href":"http:\/\/vecchiosrl.com.ar\/index\/wp-json\/wp\/v2\/comments?post=1073"}],"version-history":[{"count":4,"href":"http:\/\/vecchiosrl.com.ar\/index\/wp-json\/wp\/v2\/pages\/1073\/revisions"}],"predecessor-version":[{"id":1241,"href":"http:\/\/vecchiosrl.com.ar\/index\/wp-json\/wp\/v2\/pages\/1073\/revisions\/1241"}],"up":[{"embeddable":true,"href":"http:\/\/vecchiosrl.com.ar\/index\/wp-json\/wp\/v2\/pages\/627"}],"wp:attachment":[{"href":"http:\/\/vecchiosrl.com.ar\/index\/wp-json\/wp\/v2\/media?parent=1073"}],"curies":[{"name":"wp","href":"https:\/\/api.w.org\/{rel}","templated":true}]}}