{"id":127,"date":"2018-03-24T19:06:52","date_gmt":"2018-03-24T19:06:52","guid":{"rendered":"http:\/\/vecchiosrl.com.ar\/index\/?page_id=127"},"modified":"2019-09-18T13:25:46","modified_gmt":"2019-09-18T13:25:46","slug":"obras-en-general","status":"publish","type":"page","link":"https:\/\/vecchiosrl.com.ar\/index\/obras-en-general\/","title":{"rendered":"Obras en general"},"content":{"rendered":"<style>.wp-show-posts-columns#wpsp-365 {margin-left: -2em; }.wp-show-posts-columns#wpsp-365 .wp-show-posts-inner {margin: 0 0 2em 2em; }<\/style><section id=\"wpsp-365\" class=\" wp-show-posts-columns wp-show-posts\" style=\"\"><article class=\" wp-show-posts-single post-1188 post type-post status-publish format-standard has-post-thumbnail hentry category-novedades category-obras-en-ejecucion wpsp-col-4\" itemtype=\"http:\/\/schema.org\/CreativeWork\" itemscope><div class=\"wp-show-posts-inner\" style=\"\">\t\t\t\t\t\t<header class=\"wp-show-posts-entry-header\">\n\t\t\t\t\t\t\t<h2 class=\"wp-show-posts-entry-title\" itemprop=\"headline\"><a href=\"https:\/\/vecchiosrl.com.ar\/index\/j-c-r-s-a\/\" rel=\"bookmark\">J.C.R. S.A.<\/a><\/h2><div class=\"wp-show-posts-entry-meta wp-show-posts-entry-meta-below-title post-meta-inline\"><span class=\"wp-show-posts-posted-on wp-show-posts-meta\">\n\t\t\t\t\t<a href=\"https:\/\/vecchiosrl.com.ar\/index\/j-c-r-s-a\/\" title=\"11:03 pm\" rel=\"bookmark\"><time class=\"wp-show-posts-entry-date published\" datetime=\"2020-11-14T23:03:38+00:00\" itemprop=\"datePublished\">noviembre 14, 2020<\/time><time class=\"wp-show-posts-updated\" datetime=\"2020-11-20T00:15:35+00:00\" itemprop=\"dateModified\">noviembre 20, 2020<\/time><\/a>\n\t\t\t\t<\/span><\/div>\t\t\t\t\t\t<\/header><!-- .entry-header -->\n\t\t\t\t\t\t\t<div class=\"wp-show-posts-image  wpsp-image-center \">\n\t\t\t<a href=\"https:\/\/vecchiosrl.com.ar\/index\/j-c-r-s-a\/\"  title=\"J.C.R. S.A.\"><img loading=\"lazy\" decoding=\"async\" width=\"1639\" height=\"901\" src=\"https:\/\/vecchiosrl.com.ar\/index\/wp-content\/uploads\/2020\/11\/Sin-titulo.jpg\" class=\"attachment-full size-full wp-post-image\" alt=\"\" itemprop=\"image\" srcset=\"https:\/\/vecchiosrl.com.ar\/index\/wp-content\/uploads\/2020\/11\/Sin-titulo.jpg 1639w, https:\/\/vecchiosrl.com.ar\/index\/wp-content\/uploads\/2020\/11\/Sin-titulo-300x165.jpg 300w, https:\/\/vecchiosrl.com.ar\/index\/wp-content\/uploads\/2020\/11\/Sin-titulo-1024x563.jpg 1024w, https:\/\/vecchiosrl.com.ar\/index\/wp-content\/uploads\/2020\/11\/Sin-titulo-768x422.jpg 768w, https:\/\/vecchiosrl.com.ar\/index\/wp-content\/uploads\/2020\/11\/Sin-titulo-1536x844.jpg 1536w\" sizes=\"auto, (max-width: 1639px) 100vw, 1639px\" \/><\/a>\t\t<\/div>\n\t\t\t\t\t\t\t\t<div class=\"wp-show-posts-entry-summary\" itemprop=\"text\">\n\t\t\t\t\t\t\t<p>En Julio de 2017 la empresa J.C.R. S.A., comenz\u00f3 la construcci\u00f3n de la planta potabilizadora de agua en la ciudad de Concordia Entre R\u00edos a orillas del R\u00edo Uruguay, la&#8230;<\/p>\n\t\t\t\t\t\t<\/div><!-- .entry-summary -->\n\t\t\t\t\t<\/div><!-- wp-show-posts-inner --><\/article><article class=\" wp-show-posts-single post-857 post type-post status-publish format-standard has-post-thumbnail hentry category-obras-ejecutadas wpsp-col-4\" itemtype=\"http:\/\/schema.org\/CreativeWork\" itemscope><div class=\"wp-show-posts-inner\" style=\"\">\t\t\t\t\t\t<header class=\"wp-show-posts-entry-header\">\n\t\t\t\t\t\t\t<h2 class=\"wp-show-posts-entry-title\" itemprop=\"headline\"><a href=\"https:\/\/vecchiosrl.com.ar\/index\/pavimentacion-federacion\/\" rel=\"bookmark\">Pavimentaci\u00f3n Federaci\u00f3n<\/a><\/h2><div class=\"wp-show-posts-entry-meta wp-show-posts-entry-meta-below-title post-meta-inline\"><span class=\"wp-show-posts-posted-on wp-show-posts-meta\">\n\t\t\t\t\t<a href=\"https:\/\/vecchiosrl.com.ar\/index\/pavimentacion-federacion\/\" title=\"12:26 pm\" rel=\"bookmark\"><time class=\"wp-show-posts-entry-date published\" datetime=\"2019-11-22T12:26:10+00:00\" itemprop=\"datePublished\">noviembre 22, 2019<\/time><time class=\"wp-show-posts-updated\" datetime=\"2020-03-12T11:46:14+00:00\" itemprop=\"dateModified\">marzo 12, 2020<\/time><\/a>\n\t\t\t\t<\/span><\/div>\t\t\t\t\t\t<\/header><!-- .entry-header -->\n\t\t\t\t\t\t\t<div class=\"wp-show-posts-image  wpsp-image-center \">\n\t\t\t<a href=\"https:\/\/vecchiosrl.com.ar\/index\/pavimentacion-federacion\/\"  title=\"Pavimentaci\u00f3n Federaci\u00f3n\"><img loading=\"lazy\" decoding=\"async\" width=\"2560\" height=\"1920\" src=\"https:\/\/vecchiosrl.com.ar\/index\/wp-content\/uploads\/2019\/11\/DSC09207-scaled.jpg\" class=\"attachment-full size-full wp-post-image\" alt=\"\" itemprop=\"image\" srcset=\"https:\/\/vecchiosrl.com.ar\/index\/wp-content\/uploads\/2019\/11\/DSC09207-scaled.jpg 2560w, https:\/\/vecchiosrl.com.ar\/index\/wp-content\/uploads\/2019\/11\/DSC09207-300x225.jpg 300w, https:\/\/vecchiosrl.com.ar\/index\/wp-content\/uploads\/2019\/11\/DSC09207-1024x768.jpg 1024w, https:\/\/vecchiosrl.com.ar\/index\/wp-content\/uploads\/2019\/11\/DSC09207-768x576.jpg 768w, https:\/\/vecchiosrl.com.ar\/index\/wp-content\/uploads\/2019\/11\/DSC09207-1536x1152.jpg 1536w, https:\/\/vecchiosrl.com.ar\/index\/wp-content\/uploads\/2019\/11\/DSC09207-2048x1536.jpg 2048w\" sizes=\"auto, (max-width: 2560px) 100vw, 2560px\" \/><\/a>\t\t<\/div>\n\t\t\t\t\t\t\t\t<div class=\"wp-show-posts-entry-summary\" itemprop=\"text\">\n\t\t\t\t\t\t\t<p>La pavimentaci\u00f3n de la Av. Alem en la ciudad de Federaci\u00f3n &#8211; Entre R\u00edos fue una obra de gran importancia para la ciudad, ya que esta es una importante arteria&#8230;<\/p>\n\t\t\t\t\t\t<\/div><!-- .entry-summary -->\n\t\t\t\t\t<\/div><!-- wp-show-posts-inner --><\/article><article class=\" wp-show-posts-single post-811 post type-post status-publish format-standard has-post-thumbnail hentry category-obras-ejecutadas wpsp-col-4\" itemtype=\"http:\/\/schema.org\/CreativeWork\" itemscope><div class=\"wp-show-posts-inner\" style=\"\">\t\t\t\t\t\t<header class=\"wp-show-posts-entry-header\">\n\t\t\t\t\t\t\t<h2 class=\"wp-show-posts-entry-title\" itemprop=\"headline\"><a href=\"https:\/\/vecchiosrl.com.ar\/index\/feedlot-federal\/\" rel=\"bookmark\">Feedlot Federal<\/a><\/h2><div class=\"wp-show-posts-entry-meta wp-show-posts-entry-meta-below-title post-meta-inline\"><span class=\"wp-show-posts-posted-on wp-show-posts-meta\">\n\t\t\t\t\t<a href=\"https:\/\/vecchiosrl.com.ar\/index\/feedlot-federal\/\" title=\"3:18 pm\" rel=\"bookmark\"><time class=\"wp-show-posts-entry-date published\" datetime=\"2019-11-15T15:18:24+00:00\" itemprop=\"datePublished\">noviembre 15, 2019<\/time><time class=\"wp-show-posts-updated\" datetime=\"2020-03-12T11:46:26+00:00\" itemprop=\"dateModified\">marzo 12, 2020<\/time><\/a>\n\t\t\t\t<\/span><\/div>\t\t\t\t\t\t<\/header><!-- .entry-header -->\n\t\t\t\t\t\t\t<div class=\"wp-show-posts-image  wpsp-image-center \">\n\t\t\t<a href=\"https:\/\/vecchiosrl.com.ar\/index\/feedlot-federal\/\"  title=\"Feedlot Federal\"><img loading=\"lazy\" decoding=\"async\" width=\"813\" height=\"307\" src=\"https:\/\/vecchiosrl.com.ar\/index\/wp-content\/uploads\/2019\/11\/IMG_20180228_161754946-1.jpg\" class=\"attachment-full size-full wp-post-image\" alt=\"\" itemprop=\"image\" srcset=\"https:\/\/vecchiosrl.com.ar\/index\/wp-content\/uploads\/2019\/11\/IMG_20180228_161754946-1.jpg 813w, https:\/\/vecchiosrl.com.ar\/index\/wp-content\/uploads\/2019\/11\/IMG_20180228_161754946-1-300x113.jpg 300w, https:\/\/vecchiosrl.com.ar\/index\/wp-content\/uploads\/2019\/11\/IMG_20180228_161754946-1-768x290.jpg 768w\" sizes=\"auto, (max-width: 813px) 100vw, 813px\" \/><\/a>\t\t<\/div>\n\t\t\t\t\t\t\t\t<div class=\"wp-show-posts-entry-summary\" itemprop=\"text\">\n\t\t\t\t\t\t\t<p>Esta obra se bas\u00f3 principalmente en la realizaci\u00f3n de un corral de aproximadamente 6 hect\u00e1reas de superficie, en el establecimiento \u201cSanta Ana de Carpinchori\u201d en la localidad de Federal &#8211;&#8230;<\/p>\n\t\t\t\t\t\t<\/div><!-- .entry-summary -->\n\t\t\t\t\t<\/div><!-- wp-show-posts-inner --><\/article><article class=\" wp-show-posts-single post-789 post type-post status-publish format-standard has-post-thumbnail hentry category-obras-ejecutadas wpsp-col-4\" itemtype=\"http:\/\/schema.org\/CreativeWork\" itemscope><div class=\"wp-show-posts-inner\" style=\"\">\t\t\t\t\t\t<header class=\"wp-show-posts-entry-header\">\n\t\t\t\t\t\t\t<h2 class=\"wp-show-posts-entry-title\" itemprop=\"headline\"><a href=\"https:\/\/vecchiosrl.com.ar\/index\/electrificacion-rural-el-redomon\/\" rel=\"bookmark\">El Redom\u00f3n<\/a><\/h2><div class=\"wp-show-posts-entry-meta wp-show-posts-entry-meta-below-title post-meta-inline\"><span class=\"wp-show-posts-posted-on wp-show-posts-meta\">\n\t\t\t\t\t<a href=\"https:\/\/vecchiosrl.com.ar\/index\/electrificacion-rural-el-redomon\/\" title=\"2:25 pm\" rel=\"bookmark\"><time class=\"wp-show-posts-entry-date published\" datetime=\"2019-11-11T14:25:44+00:00\" itemprop=\"datePublished\">noviembre 11, 2019<\/time><time class=\"wp-show-posts-updated\" datetime=\"2020-03-12T11:46:34+00:00\" itemprop=\"dateModified\">marzo 12, 2020<\/time><\/a>\n\t\t\t\t<\/span><\/div>\t\t\t\t\t\t<\/header><!-- .entry-header -->\n\t\t\t\t\t\t\t<div class=\"wp-show-posts-image  wpsp-image-center \">\n\t\t\t<a href=\"https:\/\/vecchiosrl.com.ar\/index\/electrificacion-rural-el-redomon\/\"  title=\"El Redom\u00f3n\"><img loading=\"lazy\" decoding=\"async\" width=\"2309\" height=\"1732\" src=\"https:\/\/vecchiosrl.com.ar\/index\/wp-content\/uploads\/2019\/11\/2016-05-12-15.19.57.jpg\" class=\"attachment-full size-full wp-post-image\" alt=\"\" itemprop=\"image\" srcset=\"https:\/\/vecchiosrl.com.ar\/index\/wp-content\/uploads\/2019\/11\/2016-05-12-15.19.57.jpg 2309w, https:\/\/vecchiosrl.com.ar\/index\/wp-content\/uploads\/2019\/11\/2016-05-12-15.19.57-300x225.jpg 300w, https:\/\/vecchiosrl.com.ar\/index\/wp-content\/uploads\/2019\/11\/2016-05-12-15.19.57-768x576.jpg 768w, https:\/\/vecchiosrl.com.ar\/index\/wp-content\/uploads\/2019\/11\/2016-05-12-15.19.57-1024x768.jpg 1024w\" sizes=\"auto, (max-width: 2309px) 100vw, 2309px\" \/><\/a>\t\t<\/div>\n\t\t\t\t\t\t\t\t<div class=\"wp-show-posts-entry-summary\" itemprop=\"text\">\n\t\t\t\t\t\t\t<p>El objetivo de la obra consisti\u00f3 en la construcci\u00f3n de la infraestructura de fundaci\u00f3n necesaria para el sistema de provisi\u00f3n de energ\u00eda el\u00e9ctrica para \u201cEl Redom\u00f3n\u201d, zona agr\u00edcola\/ganadera cercana a&#8230;<\/p>\n\t\t\t\t\t\t<\/div><!-- .entry-summary -->\n\t\t\t\t\t<\/div><!-- wp-show-posts-inner --><\/article><article class=\" wp-show-posts-single post-748 post type-post status-publish format-standard has-post-thumbnail hentry category-obras-ejecutadas wpsp-col-4\" itemtype=\"http:\/\/schema.org\/CreativeWork\" itemscope><div class=\"wp-show-posts-inner\" style=\"\">\t\t\t\t\t\t<header class=\"wp-show-posts-entry-header\">\n\t\t\t\t\t\t\t<h2 class=\"wp-show-posts-entry-title\" itemprop=\"headline\"><a href=\"https:\/\/vecchiosrl.com.ar\/index\/resinas-concordia\/\" rel=\"bookmark\">Resinas Concordia<\/a><\/h2><div class=\"wp-show-posts-entry-meta wp-show-posts-entry-meta-below-title post-meta-inline\"><span class=\"wp-show-posts-posted-on wp-show-posts-meta\">\n\t\t\t\t\t<a href=\"https:\/\/vecchiosrl.com.ar\/index\/resinas-concordia\/\" title=\"3:17 pm\" rel=\"bookmark\"><time class=\"wp-show-posts-entry-date published\" datetime=\"2019-11-05T15:17:07+00:00\" itemprop=\"datePublished\">noviembre 5, 2019<\/time><time class=\"wp-show-posts-updated\" datetime=\"2020-03-12T11:46:48+00:00\" itemprop=\"dateModified\">marzo 12, 2020<\/time><\/a>\n\t\t\t\t<\/span><\/div>\t\t\t\t\t\t<\/header><!-- .entry-header -->\n\t\t\t\t\t\t\t<div class=\"wp-show-posts-image  wpsp-image-center \">\n\t\t\t<a href=\"https:\/\/vecchiosrl.com.ar\/index\/resinas-concordia\/\"  title=\"Resinas Concordia\"><img loading=\"lazy\" decoding=\"async\" width=\"3172\" height=\"1990\" src=\"https:\/\/vecchiosrl.com.ar\/index\/wp-content\/uploads\/2019\/11\/20190411_181417.jpg\" class=\"attachment-full size-full wp-post-image\" alt=\"\" itemprop=\"image\" srcset=\"https:\/\/vecchiosrl.com.ar\/index\/wp-content\/uploads\/2019\/11\/20190411_181417.jpg 3172w, https:\/\/vecchiosrl.com.ar\/index\/wp-content\/uploads\/2019\/11\/20190411_181417-300x188.jpg 300w, https:\/\/vecchiosrl.com.ar\/index\/wp-content\/uploads\/2019\/11\/20190411_181417-768x482.jpg 768w, https:\/\/vecchiosrl.com.ar\/index\/wp-content\/uploads\/2019\/11\/20190411_181417-1024x642.jpg 1024w\" sizes=\"auto, (max-width: 3172px) 100vw, 3172px\" \/><\/a>\t\t<\/div>\n\t\t\t\t\t\t\t\t<div class=\"wp-show-posts-entry-summary\" itemprop=\"text\">\n\t\t\t\t\t\t\t<p>Resinas es una empresa perteneciente a la industria qu\u00edmica, que produce resinas para la industria maderera y productos qu\u00edmicos. Tiene sus instalaciones en el Parque Industrial de la Ciudad de&#8230;<\/p>\n\t\t\t\t\t\t<\/div><!-- .entry-summary -->\n\t\t\t\t\t<\/div><!-- wp-show-posts-inner --><\/article><article class=\" wp-show-posts-single post-674 post type-post status-publish format-standard has-post-thumbnail hentry category-obras-ejecutadas wpsp-col-4\" itemtype=\"http:\/\/schema.org\/CreativeWork\" itemscope><div class=\"wp-show-posts-inner\" style=\"\">\t\t\t\t\t\t<header class=\"wp-show-posts-entry-header\">\n\t\t\t\t\t\t\t<h2 class=\"wp-show-posts-entry-title\" itemprop=\"headline\"><a href=\"https:\/\/vecchiosrl.com.ar\/index\/represa-salto-grande-canalizacion\/\" rel=\"bookmark\">Represa Salto Grande<\/a><\/h2><div class=\"wp-show-posts-entry-meta wp-show-posts-entry-meta-below-title post-meta-inline\"><span class=\"wp-show-posts-posted-on wp-show-posts-meta\">\n\t\t\t\t\t<a href=\"https:\/\/vecchiosrl.com.ar\/index\/represa-salto-grande-canalizacion\/\" title=\"1:37 pm\" rel=\"bookmark\"><time class=\"wp-show-posts-entry-date published\" datetime=\"2019-10-23T13:37:15+00:00\" itemprop=\"datePublished\">octubre 23, 2019<\/time><time class=\"wp-show-posts-updated\" datetime=\"2020-03-12T11:46:56+00:00\" itemprop=\"dateModified\">marzo 12, 2020<\/time><\/a>\n\t\t\t\t<\/span><\/div>\t\t\t\t\t\t<\/header><!-- .entry-header -->\n\t\t\t\t\t\t\t<div class=\"wp-show-posts-image  wpsp-image-center \">\n\t\t\t<a href=\"https:\/\/vecchiosrl.com.ar\/index\/represa-salto-grande-canalizacion\/\"  title=\"Represa Salto Grande\"><img loading=\"lazy\" decoding=\"async\" width=\"2309\" height=\"1732\" src=\"https:\/\/vecchiosrl.com.ar\/index\/wp-content\/uploads\/2019\/10\/IMG_20180404_153031725.jpg\" class=\"attachment-full size-full wp-post-image\" alt=\"\" itemprop=\"image\" srcset=\"https:\/\/vecchiosrl.com.ar\/index\/wp-content\/uploads\/2019\/10\/IMG_20180404_153031725.jpg 2309w, https:\/\/vecchiosrl.com.ar\/index\/wp-content\/uploads\/2019\/10\/IMG_20180404_153031725-300x225.jpg 300w, https:\/\/vecchiosrl.com.ar\/index\/wp-content\/uploads\/2019\/10\/IMG_20180404_153031725-768x576.jpg 768w, https:\/\/vecchiosrl.com.ar\/index\/wp-content\/uploads\/2019\/10\/IMG_20180404_153031725-1024x768.jpg 1024w\" sizes=\"auto, (max-width: 2309px) 100vw, 2309px\" \/><\/a>\t\t<\/div>\n\t\t\t\t\t\t\t\t<div class=\"wp-show-posts-entry-summary\" itemprop=\"text\">\n\t\t\t\t\t\t\t<p>Dicha obra se encuentra al pie de la Represa Hidroel\u00e9ctrica de Salto Grande, aguas abajo del embalse, en el margen derecho del Rio Uruguay (Rep\u00fablica Argentina), entre la esclusa de&#8230;<\/p>\n\t\t\t\t\t\t<\/div><!-- .entry-summary -->\n\t\t\t\t\t<\/div><!-- wp-show-posts-inner --><\/article><article class=\" wp-show-posts-single post-536 post type-post status-publish format-standard has-post-thumbnail hentry category-obras-en-ejecucion wpsp-col-4\" itemtype=\"http:\/\/schema.org\/CreativeWork\" itemscope><div class=\"wp-show-posts-inner\" style=\"\">\t\t\t\t\t\t<header class=\"wp-show-posts-entry-header\">\n\t\t\t\t\t\t\t<h2 class=\"wp-show-posts-entry-title\" itemprop=\"headline\"><a href=\"https:\/\/vecchiosrl.com.ar\/index\/pavimentacion-calle-mario-gatto\/\" rel=\"bookmark\">Pavimentaci\u00f3n de Av. Mario Gatto<\/a><\/h2><div class=\"wp-show-posts-entry-meta wp-show-posts-entry-meta-below-title post-meta-inline\"><span class=\"wp-show-posts-posted-on wp-show-posts-meta\">\n\t\t\t\t\t<a href=\"https:\/\/vecchiosrl.com.ar\/index\/pavimentacion-calle-mario-gatto\/\" title=\"1:38 pm\" rel=\"bookmark\"><time class=\"wp-show-posts-entry-date published\" datetime=\"2019-09-17T13:38:16+00:00\" itemprop=\"datePublished\">septiembre 17, 2019<\/time><time class=\"wp-show-posts-updated\" datetime=\"2020-09-21T22:43:53+00:00\" itemprop=\"dateModified\">septiembre 21, 2020<\/time><\/a>\n\t\t\t\t<\/span><\/div>\t\t\t\t\t\t<\/header><!-- .entry-header -->\n\t\t\t\t\t\t\t<div class=\"wp-show-posts-image  wpsp-image-center \">\n\t\t\t<a href=\"https:\/\/vecchiosrl.com.ar\/index\/pavimentacion-calle-mario-gatto\/\"  title=\"Pavimentaci\u00f3n de Av. Mario Gatto\"><img loading=\"lazy\" decoding=\"async\" width=\"4928\" height=\"3264\" src=\"https:\/\/vecchiosrl.com.ar\/index\/wp-content\/uploads\/2018\/10\/Movimiento-de-Suelo-Yuqueri-6-2016.jpg\" class=\"attachment-full size-full wp-post-image\" alt=\"\" itemprop=\"image\" srcset=\"https:\/\/vecchiosrl.com.ar\/index\/wp-content\/uploads\/2018\/10\/Movimiento-de-Suelo-Yuqueri-6-2016.jpg 4928w, https:\/\/vecchiosrl.com.ar\/index\/wp-content\/uploads\/2018\/10\/Movimiento-de-Suelo-Yuqueri-6-2016-300x199.jpg 300w, https:\/\/vecchiosrl.com.ar\/index\/wp-content\/uploads\/2018\/10\/Movimiento-de-Suelo-Yuqueri-6-2016-768x509.jpg 768w, https:\/\/vecchiosrl.com.ar\/index\/wp-content\/uploads\/2018\/10\/Movimiento-de-Suelo-Yuqueri-6-2016-1024x678.jpg 1024w\" sizes=\"auto, (max-width: 4928px) 100vw, 4928px\" \/><\/a>\t\t<\/div>\n\t\t\t\t\t\t\t\t<div class=\"wp-show-posts-entry-summary\" itemprop=\"text\">\n\t\t\t\t\t\t\t<p>La obra consisti\u00f3 en la pavimentaci\u00f3n con concreto asf\u00e1ltico de dicha Avenida sobre una base de suelo cemento. Previo a esta se realiz\u00f3 la regularizaci\u00f3n de la infraestructura sanitaria en&#8230;<\/p>\n\t\t\t\t\t\t<\/div><!-- .entry-summary -->\n\t\t\t\t\t<\/div><!-- wp-show-posts-inner --><\/article><article class=\" wp-show-posts-single post-417 post type-post status-publish format-standard has-post-thumbnail hentry category-hormigon category-novedades category-obras-en-general wpsp-col-4\" itemtype=\"http:\/\/schema.org\/CreativeWork\" itemscope><div class=\"wp-show-posts-inner\" style=\"\">\t\t\t\t\t\t<header class=\"wp-show-posts-entry-header\">\n\t\t\t\t\t\t\t<h2 class=\"wp-show-posts-entry-title\" itemprop=\"headline\"><a href=\"https:\/\/vecchiosrl.com.ar\/index\/bombeos-de-hormigon\/\" rel=\"bookmark\">Bombeos de Hormig\u00f3n<\/a><\/h2><div class=\"wp-show-posts-entry-meta wp-show-posts-entry-meta-below-title post-meta-inline\"><span class=\"wp-show-posts-posted-on wp-show-posts-meta\">\n\t\t\t\t\t<a href=\"https:\/\/vecchiosrl.com.ar\/index\/bombeos-de-hormigon\/\" title=\"2:29 pm\" rel=\"bookmark\"><time class=\"wp-show-posts-entry-date published\" datetime=\"2018-10-06T14:29:03+00:00\" itemprop=\"datePublished\">octubre 6, 2018<\/time><time class=\"wp-show-posts-updated\" datetime=\"2018-10-06T14:41:05+00:00\" itemprop=\"dateModified\">octubre 6, 2018<\/time><\/a>\n\t\t\t\t<\/span><\/div>\t\t\t\t\t\t<\/header><!-- .entry-header -->\n\t\t\t\t\t\t\t<div class=\"wp-show-posts-image  wpsp-image-center \">\n\t\t\t<a href=\"https:\/\/vecchiosrl.com.ar\/index\/bombeos-de-hormigon\/\"  title=\"Bombeos de Hormig\u00f3n\"><img loading=\"lazy\" decoding=\"async\" width=\"1024\" height=\"768\" src=\"https:\/\/vecchiosrl.com.ar\/index\/wp-content\/uploads\/2018\/10\/2015-04-28-14.41.56-e1539002709743.jpg\" class=\"attachment-full size-full wp-post-image\" alt=\"\" itemprop=\"image\" \/><\/a>\t\t<\/div>\n\t\t\t\t\t\t\t\t<div class=\"wp-show-posts-entry-summary\" itemprop=\"text\">\n\t\t\t\t\t\t\t\t\t\t\t\t\t<\/div><!-- .entry-summary -->\n\t\t\t\t\t<\/div><!-- wp-show-posts-inner --><\/article><div class=\"wpsp-clear\"><\/div><\/section><!-- .wp-show-posts -->\n","protected":false},"excerpt":{"rendered":"","protected":false},"author":1,"featured_media":0,"parent":0,"menu_order":0,"comment_status":"closed","ping_status":"closed","template":"","meta":{"_joinchat":[],"footnotes":""},"class_list":["post-127","page","type-page","status-publish","hentry"],"_links":{"self":[{"href":"https:\/\/vecchiosrl.com.ar\/index\/wp-json\/wp\/v2\/pages\/127","targetHints":{"allow":["GET"]}}],"collection":[{"href":"https:\/\/vecchiosrl.com.ar\/index\/wp-json\/wp\/v2\/pages"}],"about":[{"href":"https:\/\/vecchiosrl.com.ar\/index\/wp-json\/wp\/v2\/types\/page"}],"author":[{"embeddable":true,"href":"https:\/\/vecchiosrl.com.ar\/index\/wp-json\/wp\/v2\/users\/1"}],"replies":[{"embeddable":true,"href":"https:\/\/vecchiosrl.com.ar\/index\/wp-json\/wp\/v2\/comments?post=127"}],"version-history":[{"count":4,"href":"https:\/\/vecchiosrl.com.ar\/index\/wp-json\/wp\/v2\/pages\/127\/revisions"}],"predecessor-version":[{"id":595,"href":"https:\/\/vecchiosrl.com.ar\/index\/wp-json\/wp\/v2\/pages\/127\/revisions\/595"}],"wp:attachment":[{"href":"https:\/\/vecchiosrl.com.ar\/index\/wp-json\/wp\/v2\/media?parent=127"}],"curies":[{"name":"wp","href":"https:\/\/api.w.org\/{rel}","templated":true}]}}