{"id":632,"date":"2019-09-19T13:31:31","date_gmt":"2019-09-19T13:31:31","guid":{"rendered":"http:\/\/vecchiosrl.com.ar\/index\/?page_id=632"},"modified":"2020-09-21T22:50:55","modified_gmt":"2020-09-21T22:50:55","slug":"elaboracion","status":"publish","type":"page","link":"http:\/\/vecchiosrl.com.ar\/index\/hormigon\/elaboracion\/","title":{"rendered":"Elaboraci\u00f3n"},"content":{"rendered":"\n<div class=\"wp-block-group\"><div class=\"wp-block-group__inner-container is-layout-flow wp-block-group-is-layout-flow\">\n<p>El hormig\u00f3n elaborado es el material por excelencia m\u00e1s utilizado a nivel mundial en la construcci\u00f3n, gracias a la resistencia que le confiere a las estructuras donde se lo utiliza, su bajo costo y su trabajabilidad en obra.<\/p>\n<\/div><\/div>\n\n\n\n<p>En VECCHIO S.R.L. ofrecemos un Hormig\u00f3n de primera calidad que cumple con todo tipo de exigencias y normas IRAM correspondientes, para que el cliente obtenga un producto seguro y confiable.&nbsp;&nbsp;&nbsp;&nbsp;&nbsp;<\/p>\n\n\n\n<figure class=\"wp-block-gallery columns-3 is-cropped wp-block-gallery-1 is-layout-flex wp-block-gallery-is-layout-flex\"><ul class=\"blocks-gallery-grid\"><li class=\"blocks-gallery-item\"><figure><img loading=\"lazy\" decoding=\"async\" width=\"1024\" height=\"682\" src=\"http:\/\/vecchiosrl.com.ar\/index\/wp-content\/uploads\/2020\/06\/2a5c8e1c-e81a-49b7-a847-03f437a36857-1024x682.jpg\" alt=\"\" data-id=\"999\" data-link=\"http:\/\/vecchiosrl.com.ar\/index\/planta-hormigon\/2a5c8e1c-e81a-49b7-a847-03f437a36857\/\" class=\"wp-image-999\" srcset=\"http:\/\/vecchiosrl.com.ar\/index\/wp-content\/uploads\/2020\/06\/2a5c8e1c-e81a-49b7-a847-03f437a36857-1024x682.jpg 1024w, http:\/\/vecchiosrl.com.ar\/index\/wp-content\/uploads\/2020\/06\/2a5c8e1c-e81a-49b7-a847-03f437a36857-300x200.jpg 300w, http:\/\/vecchiosrl.com.ar\/index\/wp-content\/uploads\/2020\/06\/2a5c8e1c-e81a-49b7-a847-03f437a36857-768x511.jpg 768w, http:\/\/vecchiosrl.com.ar\/index\/wp-content\/uploads\/2020\/06\/2a5c8e1c-e81a-49b7-a847-03f437a36857-450x300.jpg 450w, http:\/\/vecchiosrl.com.ar\/index\/wp-content\/uploads\/2020\/06\/2a5c8e1c-e81a-49b7-a847-03f437a36857-272x182.jpg 272w, http:\/\/vecchiosrl.com.ar\/index\/wp-content\/uploads\/2020\/06\/2a5c8e1c-e81a-49b7-a847-03f437a36857.jpg 1280w\" sizes=\"auto, (max-width: 1024px) 100vw, 1024px\" \/><\/figure><\/li><li class=\"blocks-gallery-item\"><figure><img loading=\"lazy\" decoding=\"async\" width=\"1024\" height=\"682\" src=\"http:\/\/vecchiosrl.com.ar\/index\/wp-content\/uploads\/2020\/06\/f57c8520-d6d8-4f18-a02b-31073df4f842-1024x682.jpg\" alt=\"\" data-id=\"1001\" data-link=\"http:\/\/vecchiosrl.com.ar\/index\/planta-hormigon\/f57c8520-d6d8-4f18-a02b-31073df4f842\/\" class=\"wp-image-1001\" srcset=\"http:\/\/vecchiosrl.com.ar\/index\/wp-content\/uploads\/2020\/06\/f57c8520-d6d8-4f18-a02b-31073df4f842-1024x682.jpg 1024w, http:\/\/vecchiosrl.com.ar\/index\/wp-content\/uploads\/2020\/06\/f57c8520-d6d8-4f18-a02b-31073df4f842-300x200.jpg 300w, http:\/\/vecchiosrl.com.ar\/index\/wp-content\/uploads\/2020\/06\/f57c8520-d6d8-4f18-a02b-31073df4f842-768x511.jpg 768w, http:\/\/vecchiosrl.com.ar\/index\/wp-content\/uploads\/2020\/06\/f57c8520-d6d8-4f18-a02b-31073df4f842-450x300.jpg 450w, http:\/\/vecchiosrl.com.ar\/index\/wp-content\/uploads\/2020\/06\/f57c8520-d6d8-4f18-a02b-31073df4f842-272x182.jpg 272w, http:\/\/vecchiosrl.com.ar\/index\/wp-content\/uploads\/2020\/06\/f57c8520-d6d8-4f18-a02b-31073df4f842.jpg 1280w\" sizes=\"auto, (max-width: 1024px) 100vw, 1024px\" \/><\/figure><\/li><li class=\"blocks-gallery-item\"><figure><img loading=\"lazy\" decoding=\"async\" width=\"1024\" height=\"683\" src=\"http:\/\/vecchiosrl.com.ar\/index\/wp-content\/uploads\/2020\/06\/64892d2a-5078-4883-8e2f-5daf582c72e9-1024x683.jpg\" alt=\"\" data-id=\"1002\" data-full-url=\"http:\/\/vecchiosrl.com.ar\/index\/wp-content\/uploads\/2020\/06\/64892d2a-5078-4883-8e2f-5daf582c72e9.jpg\" data-link=\"http:\/\/vecchiosrl.com.ar\/index\/planta-hormigon\/64892d2a-5078-4883-8e2f-5daf582c72e9\/\" class=\"wp-image-1002\" srcset=\"http:\/\/vecchiosrl.com.ar\/index\/wp-content\/uploads\/2020\/06\/64892d2a-5078-4883-8e2f-5daf582c72e9-1024x683.jpg 1024w, http:\/\/vecchiosrl.com.ar\/index\/wp-content\/uploads\/2020\/06\/64892d2a-5078-4883-8e2f-5daf582c72e9-300x200.jpg 300w, http:\/\/vecchiosrl.com.ar\/index\/wp-content\/uploads\/2020\/06\/64892d2a-5078-4883-8e2f-5daf582c72e9-768x512.jpg 768w, http:\/\/vecchiosrl.com.ar\/index\/wp-content\/uploads\/2020\/06\/64892d2a-5078-4883-8e2f-5daf582c72e9-450x300.jpg 450w, http:\/\/vecchiosrl.com.ar\/index\/wp-content\/uploads\/2020\/06\/64892d2a-5078-4883-8e2f-5daf582c72e9-272x182.jpg 272w, http:\/\/vecchiosrl.com.ar\/index\/wp-content\/uploads\/2020\/06\/64892d2a-5078-4883-8e2f-5daf582c72e9.jpg 1280w\" sizes=\"auto, (max-width: 1024px) 100vw, 1024px\" \/><\/figure><\/li><\/ul><\/figure>\n\n\n\n<p>Para la elaboraci\u00f3n del hormig\u00f3n contamos de 2 plantas fijas automatizadas con un promedio de producci\u00f3n de 60 m3 por hora, y 2 plantas m\u00f3viles para trabajos a distancia, controladas y calibradas por el Instituto de Tecnolog\u00eda Industrial (INTI). De esta manera brindamos un producto con la seguridad y calidad que nos caracteriza.<\/p>\n\n\n\n<figure class=\"wp-block-gallery columns-2 is-cropped wp-block-gallery-2 is-layout-flex wp-block-gallery-is-layout-flex\"><ul class=\"blocks-gallery-grid\"><li class=\"blocks-gallery-item\"><figure><img loading=\"lazy\" decoding=\"async\" width=\"1024\" height=\"683\" src=\"http:\/\/vecchiosrl.com.ar\/index\/wp-content\/uploads\/2020\/06\/DSC_1336-1024x683.jpg\" alt=\"\" data-id=\"1009\" data-link=\"http:\/\/vecchiosrl.com.ar\/index\/planta-hormigon\/dsc_1336\/\" class=\"wp-image-1009\" srcset=\"http:\/\/vecchiosrl.com.ar\/index\/wp-content\/uploads\/2020\/06\/DSC_1336-1024x683.jpg 1024w, http:\/\/vecchiosrl.com.ar\/index\/wp-content\/uploads\/2020\/06\/DSC_1336-300x200.jpg 300w, http:\/\/vecchiosrl.com.ar\/index\/wp-content\/uploads\/2020\/06\/DSC_1336-768x512.jpg 768w, http:\/\/vecchiosrl.com.ar\/index\/wp-content\/uploads\/2020\/06\/DSC_1336-1536x1024.jpg 1536w, http:\/\/vecchiosrl.com.ar\/index\/wp-content\/uploads\/2020\/06\/DSC_1336-2048x1365.jpg 2048w, http:\/\/vecchiosrl.com.ar\/index\/wp-content\/uploads\/2020\/06\/DSC_1336-450x300.jpg 450w, http:\/\/vecchiosrl.com.ar\/index\/wp-content\/uploads\/2020\/06\/DSC_1336-272x182.jpg 272w\" sizes=\"auto, (max-width: 1024px) 100vw, 1024px\" \/><\/figure><\/li><li class=\"blocks-gallery-item\"><figure><img loading=\"lazy\" decoding=\"async\" width=\"1024\" height=\"683\" src=\"http:\/\/vecchiosrl.com.ar\/index\/wp-content\/uploads\/2020\/06\/DSC_1411-1024x683.jpg\" alt=\"\" data-id=\"1010\" data-link=\"http:\/\/vecchiosrl.com.ar\/index\/planta-hormigon\/dsc_1411\/\" class=\"wp-image-1010\" srcset=\"http:\/\/vecchiosrl.com.ar\/index\/wp-content\/uploads\/2020\/06\/DSC_1411-1024x683.jpg 1024w, http:\/\/vecchiosrl.com.ar\/index\/wp-content\/uploads\/2020\/06\/DSC_1411-300x200.jpg 300w, http:\/\/vecchiosrl.com.ar\/index\/wp-content\/uploads\/2020\/06\/DSC_1411-768x512.jpg 768w, http:\/\/vecchiosrl.com.ar\/index\/wp-content\/uploads\/2020\/06\/DSC_1411-1536x1024.jpg 1536w, http:\/\/vecchiosrl.com.ar\/index\/wp-content\/uploads\/2020\/06\/DSC_1411-2048x1365.jpg 2048w, http:\/\/vecchiosrl.com.ar\/index\/wp-content\/uploads\/2020\/06\/DSC_1411-450x300.jpg 450w, http:\/\/vecchiosrl.com.ar\/index\/wp-content\/uploads\/2020\/06\/DSC_1411-272x182.jpg 272w\" sizes=\"auto, (max-width: 1024px) 100vw, 1024px\" \/><\/figure><\/li><li class=\"blocks-gallery-item\"><figure><img loading=\"lazy\" decoding=\"async\" width=\"1024\" height=\"768\" src=\"http:\/\/vecchiosrl.com.ar\/index\/wp-content\/uploads\/2020\/06\/IMG-20191003-WA0044-1024x768.jpg\" alt=\"\" data-id=\"1011\" data-full-url=\"http:\/\/vecchiosrl.com.ar\/index\/wp-content\/uploads\/2020\/06\/IMG-20191003-WA0044.jpg\" data-link=\"http:\/\/vecchiosrl.com.ar\/index\/planta-hormigon\/img-20191003-wa0044\/\" class=\"wp-image-1011\" srcset=\"http:\/\/vecchiosrl.com.ar\/index\/wp-content\/uploads\/2020\/06\/IMG-20191003-WA0044-1024x768.jpg 1024w, http:\/\/vecchiosrl.com.ar\/index\/wp-content\/uploads\/2020\/06\/IMG-20191003-WA0044-300x225.jpg 300w, http:\/\/vecchiosrl.com.ar\/index\/wp-content\/uploads\/2020\/06\/IMG-20191003-WA0044-768x576.jpg 768w, http:\/\/vecchiosrl.com.ar\/index\/wp-content\/uploads\/2020\/06\/IMG-20191003-WA0044.jpg 1280w\" sizes=\"auto, (max-width: 1024px) 100vw, 1024px\" \/><\/figure><\/li><\/ul><\/figure>\n\n\n\n<p><\/p>\n","protected":false},"excerpt":{"rendered":"<p>El hormig\u00f3n elaborado es el material por excelencia m\u00e1s utilizado a nivel mundial en la construcci\u00f3n, gracias a la resistencia que le confiere a las estructuras donde se lo utiliza, su bajo costo y su trabajabilidad en obra. En VECCHIO S.R.L. ofrecemos un Hormig\u00f3n de primera calidad que cumple con todo tipo de exigencias y [&hellip;]<\/p>\n","protected":false},"author":1,"featured_media":0,"parent":90,"menu_order":0,"comment_status":"closed","ping_status":"closed","template":"","meta":{"_joinchat":[],"footnotes":""},"class_list":["post-632","page","type-page","status-publish","hentry"],"_links":{"self":[{"href":"http:\/\/vecchiosrl.com.ar\/index\/wp-json\/wp\/v2\/pages\/632","targetHints":{"allow":["GET"]}}],"collection":[{"href":"http:\/\/vecchiosrl.com.ar\/index\/wp-json\/wp\/v2\/pages"}],"about":[{"href":"http:\/\/vecchiosrl.com.ar\/index\/wp-json\/wp\/v2\/types\/page"}],"author":[{"embeddable":true,"href":"http:\/\/vecchiosrl.com.ar\/index\/wp-json\/wp\/v2\/users\/1"}],"replies":[{"embeddable":true,"href":"http:\/\/vecchiosrl.com.ar\/index\/wp-json\/wp\/v2\/comments?post=632"}],"version-history":[{"count":6,"href":"http:\/\/vecchiosrl.com.ar\/index\/wp-json\/wp\/v2\/pages\/632\/revisions"}],"predecessor-version":[{"id":1018,"href":"http:\/\/vecchiosrl.com.ar\/index\/wp-json\/wp\/v2\/pages\/632\/revisions\/1018"}],"up":[{"embeddable":true,"href":"http:\/\/vecchiosrl.com.ar\/index\/wp-json\/wp\/v2\/pages\/90"}],"wp:attachment":[{"href":"http:\/\/vecchiosrl.com.ar\/index\/wp-json\/wp\/v2\/media?parent=632"}],"curies":[{"name":"wp","href":"https:\/\/api.w.org\/{rel}","templated":true}]}}