{"id":639,"date":"2019-09-19T13:52:36","date_gmt":"2019-09-19T13:52:36","guid":{"rendered":"http:\/\/vecchiosrl.com.ar\/index\/?page_id=639"},"modified":"2020-09-21T22:53:07","modified_gmt":"2020-09-21T22:53:07","slug":"obras-en-ejecucion","status":"publish","type":"page","link":"https:\/\/vecchiosrl.com.ar\/index\/obras-en-general\/obras-en-ejecucion\/","title":{"rendered":"Obras en ejecuci\u00f3n"},"content":{"rendered":"<style>.wp-show-posts-columns#wpsp-638 {margin-left: -2em; }.wp-show-posts-columns#wpsp-638 .wp-show-posts-inner {margin: 0 0 2em 2em; }<\/style><section id=\"wpsp-638\" class=\" wp-show-posts-columns wp-show-posts\" style=\"\"><article class=\" wp-show-posts-single post-536 post type-post status-publish format-standard has-post-thumbnail hentry category-obras-en-ejecucion wpsp-col-4\" itemtype=\"http:\/\/schema.org\/CreativeWork\" itemscope><div class=\"wp-show-posts-inner\" style=\"\">\t\t\t\t\t\t<header class=\"wp-show-posts-entry-header\">\n\t\t\t\t\t\t\t<h2 class=\"wp-show-posts-entry-title\" itemprop=\"headline\"><a href=\"https:\/\/vecchiosrl.com.ar\/index\/pavimentacion-calle-mario-gatto\/\" rel=\"bookmark\">Pavimentaci\u00f3n de Av. Mario Gatto<\/a><\/h2>\t\t\t\t\t\t<\/header><!-- .entry-header -->\n\t\t\t\t\t\t\t<div class=\"wp-show-posts-image  wpsp-image-left \">\n\t\t\t<a href=\"https:\/\/vecchiosrl.com.ar\/index\/pavimentacion-calle-mario-gatto\/\"  title=\"Pavimentaci\u00f3n de Av. Mario Gatto\"><img loading=\"lazy\" decoding=\"async\" width=\"4928\" height=\"3264\" src=\"https:\/\/vecchiosrl.com.ar\/index\/wp-content\/uploads\/2018\/10\/Movimiento-de-Suelo-Yuqueri-6-2016.jpg\" class=\"attachment-full size-full wp-post-image\" alt=\"\" itemprop=\"image\" srcset=\"https:\/\/vecchiosrl.com.ar\/index\/wp-content\/uploads\/2018\/10\/Movimiento-de-Suelo-Yuqueri-6-2016.jpg 4928w, https:\/\/vecchiosrl.com.ar\/index\/wp-content\/uploads\/2018\/10\/Movimiento-de-Suelo-Yuqueri-6-2016-300x199.jpg 300w, https:\/\/vecchiosrl.com.ar\/index\/wp-content\/uploads\/2018\/10\/Movimiento-de-Suelo-Yuqueri-6-2016-768x509.jpg 768w, https:\/\/vecchiosrl.com.ar\/index\/wp-content\/uploads\/2018\/10\/Movimiento-de-Suelo-Yuqueri-6-2016-1024x678.jpg 1024w\" sizes=\"auto, (max-width: 4928px) 100vw, 4928px\" \/><\/a>\t\t<\/div>\n\t\t\t\t\t\t\t\t<div class=\"wp-show-posts-entry-summary\" itemprop=\"text\">\n\t\t\t\t\t\t\t<p>La obra consisti\u00f3 en la pavimentaci\u00f3n con concreto asf\u00e1ltico de dicha Avenida sobre una base de suelo cemento. Previo a esta se realiz\u00f3 la regularizaci\u00f3n de la infraestructura sanitaria en&#8230;<\/p>\n\t\t\t\t\t\t<\/div><!-- .entry-summary -->\n\t\t\t\t\t<div class=\"wpsp-read-more\"><a title=\"Pavimentaci\u00f3n de Av. Mario Gatto\" class=\"wp-show-posts-read-more\" href=\"https:\/\/vecchiosrl.com.ar\/index\/pavimentacion-calle-mario-gatto\/\">Leer m\u00e1s<\/a><\/div><\/div><!-- wp-show-posts-inner --><\/article><article class=\" wp-show-posts-single post-1188 post type-post status-publish format-standard has-post-thumbnail hentry category-novedades category-obras-en-ejecucion wpsp-col-4\" itemtype=\"http:\/\/schema.org\/CreativeWork\" itemscope><div class=\"wp-show-posts-inner\" style=\"\">\t\t\t\t\t\t<header class=\"wp-show-posts-entry-header\">\n\t\t\t\t\t\t\t<h2 class=\"wp-show-posts-entry-title\" itemprop=\"headline\"><a href=\"https:\/\/vecchiosrl.com.ar\/index\/j-c-r-s-a\/\" rel=\"bookmark\">J.C.R. S.A.<\/a><\/h2>\t\t\t\t\t\t<\/header><!-- .entry-header -->\n\t\t\t\t\t\t\t<div class=\"wp-show-posts-image  wpsp-image-left \">\n\t\t\t<a href=\"https:\/\/vecchiosrl.com.ar\/index\/j-c-r-s-a\/\"  title=\"J.C.R. S.A.\"><img loading=\"lazy\" decoding=\"async\" width=\"1639\" height=\"901\" src=\"https:\/\/vecchiosrl.com.ar\/index\/wp-content\/uploads\/2020\/11\/Sin-titulo.jpg\" class=\"attachment-full size-full wp-post-image\" alt=\"\" itemprop=\"image\" srcset=\"https:\/\/vecchiosrl.com.ar\/index\/wp-content\/uploads\/2020\/11\/Sin-titulo.jpg 1639w, https:\/\/vecchiosrl.com.ar\/index\/wp-content\/uploads\/2020\/11\/Sin-titulo-300x165.jpg 300w, https:\/\/vecchiosrl.com.ar\/index\/wp-content\/uploads\/2020\/11\/Sin-titulo-1024x563.jpg 1024w, https:\/\/vecchiosrl.com.ar\/index\/wp-content\/uploads\/2020\/11\/Sin-titulo-768x422.jpg 768w, https:\/\/vecchiosrl.com.ar\/index\/wp-content\/uploads\/2020\/11\/Sin-titulo-1536x844.jpg 1536w\" sizes=\"auto, (max-width: 1639px) 100vw, 1639px\" \/><\/a>\t\t<\/div>\n\t\t\t\t\t\t\t\t<div class=\"wp-show-posts-entry-summary\" itemprop=\"text\">\n\t\t\t\t\t\t\t<p>En Julio de 2017 la empresa J.C.R. S.A., comenz\u00f3 la construcci\u00f3n de la planta potabilizadora de agua en la ciudad de Concordia Entre R\u00edos a orillas del R\u00edo Uruguay, la&#8230;<\/p>\n\t\t\t\t\t\t<\/div><!-- .entry-summary -->\n\t\t\t\t\t<div class=\"wpsp-read-more\"><a title=\"J.C.R. S.A.\" class=\"wp-show-posts-read-more\" href=\"https:\/\/vecchiosrl.com.ar\/index\/j-c-r-s-a\/\">Leer m\u00e1s<\/a><\/div><\/div><!-- wp-show-posts-inner --><\/article><div class=\"wpsp-clear\"><\/div><\/section><!-- .wp-show-posts -->\n","protected":false},"excerpt":{"rendered":"","protected":false},"author":1,"featured_media":0,"parent":127,"menu_order":0,"comment_status":"closed","ping_status":"closed","template":"","meta":{"_joinchat":[],"footnotes":""},"class_list":["post-639","page","type-page","status-publish","hentry"],"_links":{"self":[{"href":"https:\/\/vecchiosrl.com.ar\/index\/wp-json\/wp\/v2\/pages\/639","targetHints":{"allow":["GET"]}}],"collection":[{"href":"https:\/\/vecchiosrl.com.ar\/index\/wp-json\/wp\/v2\/pages"}],"about":[{"href":"https:\/\/vecchiosrl.com.ar\/index\/wp-json\/wp\/v2\/types\/page"}],"author":[{"embeddable":true,"href":"https:\/\/vecchiosrl.com.ar\/index\/wp-json\/wp\/v2\/users\/1"}],"replies":[{"embeddable":true,"href":"https:\/\/vecchiosrl.com.ar\/index\/wp-json\/wp\/v2\/comments?post=639"}],"version-history":[{"count":1,"href":"https:\/\/vecchiosrl.com.ar\/index\/wp-json\/wp\/v2\/pages\/639\/revisions"}],"predecessor-version":[{"id":640,"href":"https:\/\/vecchiosrl.com.ar\/index\/wp-json\/wp\/v2\/pages\/639\/revisions\/640"}],"up":[{"embeddable":true,"href":"https:\/\/vecchiosrl.com.ar\/index\/wp-json\/wp\/v2\/pages\/127"}],"wp:attachment":[{"href":"https:\/\/vecchiosrl.com.ar\/index\/wp-json\/wp\/v2\/media?parent=639"}],"curies":[{"name":"wp","href":"https:\/\/api.w.org\/{rel}","templated":true}]}}