{"id":651,"date":"2019-09-27T01:49:58","date_gmt":"2019-09-27T01:49:58","guid":{"rendered":"http:\/\/vecchiosrl.com.ar\/index\/?page_id=651"},"modified":"2020-09-22T04:14:05","modified_gmt":"2020-09-22T04:14:05","slug":"planta-asfalto","status":"publish","type":"page","link":"http:\/\/vecchiosrl.com.ar\/index\/novedades\/planta-asfalto\/","title":{"rendered":"Elaboraci\u00f3n"},"content":{"rendered":"\n<p><strong><em>El pavimento asfaltico, al igual que el hormig\u00f3n elaborado, es uno de los materiales m\u00e1s utilizados en la actualidad para la pavimentaci\u00f3n de v\u00edas de comunicaci\u00f3n.<br>En VECCHIO S.R.L. contamos con mezclas asf\u00e1lticas de calidad que ofrecen seguridad y confianza al momento de su aplicaci\u00f3n.<\/em><\/strong><\/p>\n\n\n\n<p><\/p>\n\n\n\n<figure class=\"wp-block-gallery columns-2 is-cropped wp-block-gallery-1 is-layout-flex wp-block-gallery-is-layout-flex\"><ul class=\"blocks-gallery-grid\"><li class=\"blocks-gallery-item\"><figure><img loading=\"lazy\" decoding=\"async\" width=\"1024\" height=\"509\" src=\"http:\/\/vecchiosrl.com.ar\/index\/wp-content\/uploads\/2020\/09\/DJI_0102-Bis-1024x509.jpg\" alt=\"\" data-id=\"1090\" data-link=\"http:\/\/vecchiosrl.com.ar\/index\/planta-asfalto\/dji_0102-bis\/\" class=\"wp-image-1090\"\/><\/figure><\/li><li class=\"blocks-gallery-item\"><figure><img loading=\"lazy\" decoding=\"async\" width=\"1024\" height=\"575\" src=\"http:\/\/vecchiosrl.com.ar\/index\/wp-content\/uploads\/2020\/09\/DJI_0105-1024x575.jpg\" alt=\"\" data-id=\"1091\" data-link=\"http:\/\/vecchiosrl.com.ar\/index\/planta-asfalto\/dji_0105\/\" class=\"wp-image-1091\" srcset=\"http:\/\/vecchiosrl.com.ar\/index\/wp-content\/uploads\/2020\/09\/DJI_0105-1024x575.jpg 1024w, http:\/\/vecchiosrl.com.ar\/index\/wp-content\/uploads\/2020\/09\/DJI_0105-300x169.jpg 300w, http:\/\/vecchiosrl.com.ar\/index\/wp-content\/uploads\/2020\/09\/DJI_0105-768x431.jpg 768w, http:\/\/vecchiosrl.com.ar\/index\/wp-content\/uploads\/2020\/09\/DJI_0105-1536x863.jpg 1536w, http:\/\/vecchiosrl.com.ar\/index\/wp-content\/uploads\/2020\/09\/DJI_0105-2048x1151.jpg 2048w\" sizes=\"auto, (max-width: 1024px) 100vw, 1024px\" \/><\/figure><\/li><li class=\"blocks-gallery-item\"><figure><img decoding=\"async\" src=\"http:\/\/vecchiosrl.com.ar\/index\/wp-content\/uploads\/2020\/09\/DJI_0108-1024x575.jpg\" alt=\"\" data-id=\"1092\" data-full-url=\"http:\/\/vecchiosrl.com.ar\/index\/wp-content\/uploads\/2020\/09\/DJI_0108-scaled.jpg\" data-link=\"http:\/\/vecchiosrl.com.ar\/index\/planta-asfalto\/dji_0108\/\" class=\"wp-image-1092\"\/><figcaption class=\"blocks-gallery-item__caption\">Nuestra planta asf\u00e1ltica. <\/figcaption><\/figure><\/li><\/ul><\/figure>\n\n\n\n<p><\/p>\n\n\n\n<p><strong><em>Disponemos de mezclas asf\u00e1lticas en frio y en caliente dependiendo del trabajo para el que se las solicite.<br>Nuestra planta asf\u00e1ltica posee una capacidad de producci\u00f3n de 80 a 100 toneladas por hora, cumpliendo con todas las reglamentaciones de la Secretaria de Medio Ambiente de la Provincia y del Ministerio de Energ\u00eda de la Naci\u00f3n.<\/em><\/strong><\/p>\n\n\n\n<p><\/p>\n\n\n\n<figure class=\"wp-block-gallery columns-2 is-cropped wp-block-gallery-2 is-layout-flex wp-block-gallery-is-layout-flex\"><ul class=\"blocks-gallery-grid\"><li class=\"blocks-gallery-item\"><figure><img loading=\"lazy\" decoding=\"async\" width=\"1024\" height=\"741\" src=\"http:\/\/vecchiosrl.com.ar\/index\/wp-content\/uploads\/2020\/09\/IMG_20200725_111513-1024x741.jpg\" alt=\"\" data-id=\"1093\" data-full-url=\"http:\/\/vecchiosrl.com.ar\/index\/wp-content\/uploads\/2020\/09\/IMG_20200725_111513-scaled.jpg\" data-link=\"http:\/\/vecchiosrl.com.ar\/index\/planta-asfalto\/img_20200725_111513\/\" class=\"wp-image-1093\" srcset=\"http:\/\/vecchiosrl.com.ar\/index\/wp-content\/uploads\/2020\/09\/IMG_20200725_111513-1024x741.jpg 1024w, http:\/\/vecchiosrl.com.ar\/index\/wp-content\/uploads\/2020\/09\/IMG_20200725_111513-300x217.jpg 300w, http:\/\/vecchiosrl.com.ar\/index\/wp-content\/uploads\/2020\/09\/IMG_20200725_111513-768x556.jpg 768w, http:\/\/vecchiosrl.com.ar\/index\/wp-content\/uploads\/2020\/09\/IMG_20200725_111513-1536x1112.jpg 1536w, http:\/\/vecchiosrl.com.ar\/index\/wp-content\/uploads\/2020\/09\/IMG_20200725_111513-2048x1482.jpg 2048w\" sizes=\"auto, (max-width: 1024px) 100vw, 1024px\" \/><\/figure><\/li><li class=\"blocks-gallery-item\"><figure><img loading=\"lazy\" decoding=\"async\" width=\"1024\" height=\"768\" src=\"http:\/\/vecchiosrl.com.ar\/index\/wp-content\/uploads\/2020\/06\/IMG_20190614_101001171_HDR-1024x768.jpg\" alt=\"\" data-id=\"1060\" data-full-url=\"http:\/\/vecchiosrl.com.ar\/index\/wp-content\/uploads\/2020\/06\/IMG_20190614_101001171_HDR-scaled.jpg\" data-link=\"http:\/\/vecchiosrl.com.ar\/index\/planta-asfalto\/img_20190614_101001171_hdr\/\" class=\"wp-image-1060\" srcset=\"http:\/\/vecchiosrl.com.ar\/index\/wp-content\/uploads\/2020\/06\/IMG_20190614_101001171_HDR-1024x768.jpg 1024w, http:\/\/vecchiosrl.com.ar\/index\/wp-content\/uploads\/2020\/06\/IMG_20190614_101001171_HDR-300x225.jpg 300w, http:\/\/vecchiosrl.com.ar\/index\/wp-content\/uploads\/2020\/06\/IMG_20190614_101001171_HDR-768x576.jpg 768w, http:\/\/vecchiosrl.com.ar\/index\/wp-content\/uploads\/2020\/06\/IMG_20190614_101001171_HDR-1536x1152.jpg 1536w, http:\/\/vecchiosrl.com.ar\/index\/wp-content\/uploads\/2020\/06\/IMG_20190614_101001171_HDR-2048x1536.jpg 2048w\" sizes=\"auto, (max-width: 1024px) 100vw, 1024px\" \/><\/figure><\/li><li class=\"blocks-gallery-item\"><figure><img loading=\"lazy\" decoding=\"async\" width=\"1024\" height=\"587\" src=\"http:\/\/vecchiosrl.com.ar\/index\/wp-content\/uploads\/2020\/09\/IMG_20200725_111810-1024x587.jpg\" alt=\"\" data-id=\"1094\" data-full-url=\"http:\/\/vecchiosrl.com.ar\/index\/wp-content\/uploads\/2020\/09\/IMG_20200725_111810-scaled.jpg\" data-link=\"http:\/\/vecchiosrl.com.ar\/index\/planta-asfalto\/img_20200725_111810\/\" class=\"wp-image-1094\" srcset=\"http:\/\/vecchiosrl.com.ar\/index\/wp-content\/uploads\/2020\/09\/IMG_20200725_111810-1024x587.jpg 1024w, http:\/\/vecchiosrl.com.ar\/index\/wp-content\/uploads\/2020\/09\/IMG_20200725_111810-300x172.jpg 300w, http:\/\/vecchiosrl.com.ar\/index\/wp-content\/uploads\/2020\/09\/IMG_20200725_111810-768x440.jpg 768w, http:\/\/vecchiosrl.com.ar\/index\/wp-content\/uploads\/2020\/09\/IMG_20200725_111810-1536x881.jpg 1536w, http:\/\/vecchiosrl.com.ar\/index\/wp-content\/uploads\/2020\/09\/IMG_20200725_111810-2048x1174.jpg 2048w\" sizes=\"auto, (max-width: 1024px) 100vw, 1024px\" \/><\/figure><\/li><\/ul><\/figure>\n\n\n\n<p><br><strong><em>Cuenta con un filtro de mangas que tiene como funci\u00f3n evitar la contaminaci\u00f3n atmosf\u00e9rica provocada por el polvo arrastrado por la corriente de gases que genera el horno secador, as\u00ed como tambi\u00e9n, reutilizar este polvo regres\u00e1ndolo al proceso de producci\u00f3n evitando desaprovechar material.<\/em><\/strong><\/p>\n\n\n\n<figure class=\"wp-block-gallery columns-0 is-cropped wp-block-gallery-3 is-layout-flex wp-block-gallery-is-layout-flex\"><ul class=\"blocks-gallery-grid\"><\/ul><\/figure>\n","protected":false},"excerpt":{"rendered":"<p>El pavimento asfaltico, al igual que el hormig\u00f3n elaborado, es uno de los materiales m\u00e1s utilizados en la actualidad para la pavimentaci\u00f3n de v\u00edas de comunicaci\u00f3n.En VECCHIO S.R.L. contamos con mezclas asf\u00e1lticas de calidad que ofrecen seguridad y confianza al momento de su aplicaci\u00f3n. Disponemos de mezclas asf\u00e1lticas en frio y en caliente dependiendo del [&hellip;]<\/p>\n","protected":false},"author":1,"featured_media":0,"parent":142,"menu_order":0,"comment_status":"closed","ping_status":"closed","template":"","meta":{"_joinchat":[],"footnotes":""},"class_list":["post-651","page","type-page","status-publish","hentry"],"_links":{"self":[{"href":"http:\/\/vecchiosrl.com.ar\/index\/wp-json\/wp\/v2\/pages\/651","targetHints":{"allow":["GET"]}}],"collection":[{"href":"http:\/\/vecchiosrl.com.ar\/index\/wp-json\/wp\/v2\/pages"}],"about":[{"href":"http:\/\/vecchiosrl.com.ar\/index\/wp-json\/wp\/v2\/types\/page"}],"author":[{"embeddable":true,"href":"http:\/\/vecchiosrl.com.ar\/index\/wp-json\/wp\/v2\/users\/1"}],"replies":[{"embeddable":true,"href":"http:\/\/vecchiosrl.com.ar\/index\/wp-json\/wp\/v2\/comments?post=651"}],"version-history":[{"count":8,"href":"http:\/\/vecchiosrl.com.ar\/index\/wp-json\/wp\/v2\/pages\/651\/revisions"}],"predecessor-version":[{"id":1313,"href":"http:\/\/vecchiosrl.com.ar\/index\/wp-json\/wp\/v2\/pages\/651\/revisions\/1313"}],"up":[{"embeddable":true,"href":"http:\/\/vecchiosrl.com.ar\/index\/wp-json\/wp\/v2\/pages\/142"}],"wp:attachment":[{"href":"http:\/\/vecchiosrl.com.ar\/index\/wp-json\/wp\/v2\/media?parent=651"}],"curies":[{"name":"wp","href":"https:\/\/api.w.org\/{rel}","templated":true}]}}