{"id":85,"date":"2018-03-24T16:04:00","date_gmt":"2018-03-24T16:04:00","guid":{"rendered":"http:\/\/vecchiosrl.com.ar\/index\/?page_id=85"},"modified":"2020-11-11T18:36:58","modified_gmt":"2020-11-11T18:36:58","slug":"nuestra-empresa","status":"publish","type":"page","link":"https:\/\/vecchiosrl.com.ar\/index\/nuestra-empresa\/","title":{"rendered":"Nuestra Empresa"},"content":{"rendered":"<h5>VECCHIO S.R.L. DESDE CONCORDIA, ENTRE R\u00cdOS PARA TODO EL PA\u00cdS\u2026<\/h5>\n<p>En el a\u00f1o 1974 don Vecchio Ram\u00f3n Bartolom\u00e9 formo los pilares de una empresa familiar dedicada a la comercializaci\u00f3n y obtenci\u00f3n de diversos \u00e1ridos naturales (arena, piedra, ripios, entre otros) y al movimiento de suelos.<\/p>\n<p>Su impronta y convicci\u00f3n me transmitieron su prop\u00f3sito de crecer conservando los valores familiares del respeto, compromiso y la responsabilidad. Ese fue el legado que llev\u00e9 a cabo, teniendo el orgullo de haberlo podido transmitir a mis hijos. Siendo ellos la tercera generaci\u00f3n que conduce la empresa junto a m\u00ed con determinaci\u00f3n y experiencia.<\/p>\n<p>A\u00fan tengo presentes aquellos inicios, fueron los cimientos de Vecchio SRL. Que en el a\u00f1o 1995 pas\u00f3 a estar bajo mi total conducci\u00f3n hasta la actualidad.<\/p>\n<p>Conservando los valores de la empresa fuimos construyendo nuestro prestigio en la regi\u00f3n y ampliando nuestros servicios. Primero el alquiler de maquinarias y luego pasamos a desarrollar obras con m\u00e1quinas propias.<\/p>\n<p>As\u00ed fuimos expandi\u00e9ndonos en infraestructura; contar con camiones volcadores y una cargadora nos permiti\u00f3 acceder a obras de mayor envergadura, : incorporamos camiones mezcladores de hormig\u00f3n (mixers) a nuestra flota y se construyo una planta elaboradora de hormig\u00f3n en el Parque Industrial de la ciudad de Concordia, Entre R\u00edos.<\/p>\n<p>La adquisici\u00f3n de un cami\u00f3n con bomba de arrastre nos posiciono a nivel regional como uno de los primeros en contar con dicho equipamiento, siendo pioneros en la provisi\u00f3n de hormig\u00f3n bombeado y participes activos de la construcci\u00f3n y materializaci\u00f3n de la mayor\u00eda de los edificios de altura de la ciudad.<\/p>\n<p>La infraestructura, la confianza adquirida y la dedicaci\u00f3n que aportamos en cada proyecto nos permiti\u00f3 ser los responsables de las obras de enripiado de Vialidad Provincial, movimientos de suelo y provisi\u00f3n de hormig\u00f3n para la actual EGGER Argentina S.A. (Ex Massisa S.A.) (en su momento principal contratista de Vecchio SRL) y m\u00faltiples emprendimientos de capitales p\u00fablicos y privados.<\/p>\n<p>Han pasado m\u00e1s de 20 a\u00f1os desde que Vecchio SRL. abri\u00f3 su casa central en Avenida Pte. Ilia 1156 de nuestra querida ciudad de Concordia, Entre r\u00edos.<\/p>\n<p>Actualmente me llena de satisfacci\u00f3n ver lo que hemos logrado. Nuestras oficinas, el obrador que cuenta con 6400 m2 de galpones para mantenimiento, f\u00e1brica de pre moldeado de ca\u00f1os y c\u00e1maras receptoras de inspecci\u00f3n y de agua, una importante flota de maquinarias con m\u00e1s de 20 veh\u00edculos.<\/p>\n<p>La explotaci\u00f3n minera del arroyo Yuquer\u00ed, en un campo de nuestra propiedad sobre la Ruta Nacional 14, y las Plantas Dosificadoras de Hormig\u00f3n que se ubican en el Parque Industrial para la venta en la ciudad y toda la regi\u00f3n. Definitivamente son las referencias de nuestra capacidad operativa y de la solidez de nuestra empresa.<\/p>\n<p>Los invito entonces a conocer la familia Vecchio SRL, sabiendo que nuestros pilares son tan fuertes como nuestro hormig\u00f3n, nuestros pilares son los valores, nuestra constancia y mejora continua comprometidos con la satisfacci\u00f3n total de nuestros.<\/p>\n<p><strong>Jos\u00e9 Carlos Vecchio<\/strong><br \/>\n<strong> DIRECTOR VECCHIO S.R.L.<\/strong><\/p>\n","protected":false},"excerpt":{"rendered":"<p>VECCHIO S.R.L. DESDE CONCORDIA, ENTRE R\u00cdOS PARA TODO EL PA\u00cdS\u2026 En el a\u00f1o 1974 don Vecchio Ram\u00f3n Bartolom\u00e9 formo los pilares de una empresa familiar dedicada a la comercializaci\u00f3n y obtenci\u00f3n de diversos \u00e1ridos naturales (arena, piedra, ripios, entre otros) y al movimiento de suelos. Su impronta y convicci\u00f3n me transmitieron su prop\u00f3sito de crecer [&hellip;]<\/p>\n","protected":false},"author":1,"featured_media":0,"parent":0,"menu_order":0,"comment_status":"closed","ping_status":"closed","template":"","meta":{"_joinchat":[],"footnotes":""},"class_list":["post-85","page","type-page","status-publish","hentry"],"_links":{"self":[{"href":"https:\/\/vecchiosrl.com.ar\/index\/wp-json\/wp\/v2\/pages\/85","targetHints":{"allow":["GET"]}}],"collection":[{"href":"https:\/\/vecchiosrl.com.ar\/index\/wp-json\/wp\/v2\/pages"}],"about":[{"href":"https:\/\/vecchiosrl.com.ar\/index\/wp-json\/wp\/v2\/types\/page"}],"author":[{"embeddable":true,"href":"https:\/\/vecchiosrl.com.ar\/index\/wp-json\/wp\/v2\/users\/1"}],"replies":[{"embeddable":true,"href":"https:\/\/vecchiosrl.com.ar\/index\/wp-json\/wp\/v2\/comments?post=85"}],"version-history":[{"count":7,"href":"https:\/\/vecchiosrl.com.ar\/index\/wp-json\/wp\/v2\/pages\/85\/revisions"}],"predecessor-version":[{"id":1182,"href":"https:\/\/vecchiosrl.com.ar\/index\/wp-json\/wp\/v2\/pages\/85\/revisions\/1182"}],"wp:attachment":[{"href":"https:\/\/vecchiosrl.com.ar\/index\/wp-json\/wp\/v2\/media?parent=85"}],"curies":[{"name":"wp","href":"https:\/\/api.w.org\/{rel}","templated":true}]}}