{"id":911,"date":"2020-05-15T13:23:34","date_gmt":"2020-05-15T13:23:34","guid":{"rendered":"http:\/\/vecchiosrl.com.ar\/index\/?page_id=911"},"modified":"2022-10-28T15:41:09","modified_gmt":"2022-10-28T15:41:09","slug":"maquinas-viales","status":"publish","type":"page","link":"http:\/\/vecchiosrl.com.ar\/index\/maquinarias\/maquinas-viales\/","title":{"rendered":"M\u00e1quinas Viales"},"content":{"rendered":"\n<h4 class=\"has-text-align-center wp-block-heading\"><em><span class=\"has-inline-color has-cyan-bluish-gray-color\">Amplia flota de veh\u00edculos&nbsp; destinada a obras viales y movimientos de suelo.<\/span><\/em><\/h4>\n\n\n\n<h1 class=\"wp-block-heading\">EXCAVADORAS<\/h1>\n\n\n\n<p>Contamos con tres excavadoras sobre orugas, utilizadas generalmente en movimientos de suelo de mayor envergadura, teniendo en cuenta que las mismas cuentan con baldes que oscilan entre 1,20 a 1,50 m3 de capacidad, y brazos de trabajo con mayor alcance logrando mayores profundidades. &nbsp;<\/p>\n\n\n\n<p>La transmisi\u00f3n con orugas genera que pueda trabajar en diversos tipos de suelos sin mayores inconvenientes, debido a que las mismas ofrecen mayor flotaci\u00f3n, mejor tracci\u00f3n y mayor maniobrabilidad en terrenos complicados.<\/p>\n\n\n\n<figure class=\"wp-block-gallery has-nested-images columns-default is-cropped wp-block-gallery-1 is-layout-flex wp-block-gallery-is-layout-flex\">\n<figure class=\"wp-block-image size-large\"><img loading=\"lazy\" decoding=\"async\" width=\"1024\" height=\"678\" data-id=\"933\" src=\"http:\/\/vecchiosrl.com.ar\/index\/wp-content\/uploads\/2020\/06\/WhatsApp-Image-2020-05-11-at-12.42.16-1024x678.jpeg\" alt=\"\" class=\"wp-image-933\" srcset=\"http:\/\/vecchiosrl.com.ar\/index\/wp-content\/uploads\/2020\/06\/WhatsApp-Image-2020-05-11-at-12.42.16-1024x678.jpeg 1024w, http:\/\/vecchiosrl.com.ar\/index\/wp-content\/uploads\/2020\/06\/WhatsApp-Image-2020-05-11-at-12.42.16-300x199.jpeg 300w, http:\/\/vecchiosrl.com.ar\/index\/wp-content\/uploads\/2020\/06\/WhatsApp-Image-2020-05-11-at-12.42.16-768x508.jpeg 768w, http:\/\/vecchiosrl.com.ar\/index\/wp-content\/uploads\/2020\/06\/WhatsApp-Image-2020-05-11-at-12.42.16.jpeg 1280w\" sizes=\"auto, (max-width: 1024px) 100vw, 1024px\" \/><\/figure>\n\n\n\n<figure class=\"wp-block-image size-large\"><img loading=\"lazy\" decoding=\"async\" width=\"1024\" height=\"678\" data-id=\"934\" src=\"http:\/\/vecchiosrl.com.ar\/index\/wp-content\/uploads\/2020\/06\/WhatsApp-Image-2020-05-11-at-12.40.04-1024x678.jpeg\" alt=\"\" class=\"wp-image-934\" srcset=\"http:\/\/vecchiosrl.com.ar\/index\/wp-content\/uploads\/2020\/06\/WhatsApp-Image-2020-05-11-at-12.40.04-1024x678.jpeg 1024w, http:\/\/vecchiosrl.com.ar\/index\/wp-content\/uploads\/2020\/06\/WhatsApp-Image-2020-05-11-at-12.40.04-300x199.jpeg 300w, http:\/\/vecchiosrl.com.ar\/index\/wp-content\/uploads\/2020\/06\/WhatsApp-Image-2020-05-11-at-12.40.04-768x508.jpeg 768w, http:\/\/vecchiosrl.com.ar\/index\/wp-content\/uploads\/2020\/06\/WhatsApp-Image-2020-05-11-at-12.40.04.jpeg 1280w\" sizes=\"auto, (max-width: 1024px) 100vw, 1024px\" \/><\/figure>\n\n\n\n<figure class=\"wp-block-image size-large\"><img loading=\"lazy\" decoding=\"async\" width=\"1024\" height=\"678\" data-id=\"935\" src=\"http:\/\/vecchiosrl.com.ar\/index\/wp-content\/uploads\/2020\/06\/WhatsApp-Image-2020-05-11-at-12.38.20-1-copia-1024x678.jpeg\" alt=\"\" class=\"wp-image-935\" srcset=\"http:\/\/vecchiosrl.com.ar\/index\/wp-content\/uploads\/2020\/06\/WhatsApp-Image-2020-05-11-at-12.38.20-1-copia-1024x678.jpeg 1024w, http:\/\/vecchiosrl.com.ar\/index\/wp-content\/uploads\/2020\/06\/WhatsApp-Image-2020-05-11-at-12.38.20-1-copia-300x199.jpeg 300w, http:\/\/vecchiosrl.com.ar\/index\/wp-content\/uploads\/2020\/06\/WhatsApp-Image-2020-05-11-at-12.38.20-1-copia-768x508.jpeg 768w, http:\/\/vecchiosrl.com.ar\/index\/wp-content\/uploads\/2020\/06\/WhatsApp-Image-2020-05-11-at-12.38.20-1-copia.jpeg 1280w\" sizes=\"auto, (max-width: 1024px) 100vw, 1024px\" \/><\/figure>\n\n\n\n<figure class=\"wp-block-image size-large\"><img loading=\"lazy\" decoding=\"async\" width=\"1024\" height=\"678\" data-id=\"936\" src=\"http:\/\/vecchiosrl.com.ar\/index\/wp-content\/uploads\/2020\/06\/WhatsApp-Image-2020-05-11-at-12.38.50-1024x678.jpeg\" alt=\"\" class=\"wp-image-936\" srcset=\"http:\/\/vecchiosrl.com.ar\/index\/wp-content\/uploads\/2020\/06\/WhatsApp-Image-2020-05-11-at-12.38.50-1024x678.jpeg 1024w, http:\/\/vecchiosrl.com.ar\/index\/wp-content\/uploads\/2020\/06\/WhatsApp-Image-2020-05-11-at-12.38.50-300x199.jpeg 300w, http:\/\/vecchiosrl.com.ar\/index\/wp-content\/uploads\/2020\/06\/WhatsApp-Image-2020-05-11-at-12.38.50-768x508.jpeg 768w, http:\/\/vecchiosrl.com.ar\/index\/wp-content\/uploads\/2020\/06\/WhatsApp-Image-2020-05-11-at-12.38.50.jpeg 1280w\" sizes=\"auto, (max-width: 1024px) 100vw, 1024px\" \/><\/figure>\n\n\n\n<figure class=\"wp-block-image size-large\"><img loading=\"lazy\" decoding=\"async\" width=\"1024\" height=\"678\" data-id=\"937\" src=\"http:\/\/vecchiosrl.com.ar\/index\/wp-content\/uploads\/2020\/06\/WhatsApp-Image-2020-05-11-at-12.38.51-3-1024x678.jpeg\" alt=\"\" class=\"wp-image-937\" srcset=\"http:\/\/vecchiosrl.com.ar\/index\/wp-content\/uploads\/2020\/06\/WhatsApp-Image-2020-05-11-at-12.38.51-3-1024x678.jpeg 1024w, http:\/\/vecchiosrl.com.ar\/index\/wp-content\/uploads\/2020\/06\/WhatsApp-Image-2020-05-11-at-12.38.51-3-300x199.jpeg 300w, http:\/\/vecchiosrl.com.ar\/index\/wp-content\/uploads\/2020\/06\/WhatsApp-Image-2020-05-11-at-12.38.51-3-768x508.jpeg 768w, http:\/\/vecchiosrl.com.ar\/index\/wp-content\/uploads\/2020\/06\/WhatsApp-Image-2020-05-11-at-12.38.51-3.jpeg 1280w\" sizes=\"auto, (max-width: 1024px) 100vw, 1024px\" \/><\/figure>\n<\/figure>\n\n\n\n<h1 class=\"wp-block-heading\">RETROEXCAVADORAS<\/h1>\n\n\n\n<p>Contamos con 5 de estas m\u00e1quinas, que cuentan con un equipo de carga frontal y otro de retroexcavaci\u00f3n trasero, utilizado normalmente en trabajos de excavaci\u00f3n de menor volumen, como puede ser redes de agua y&nbsp; cloaca, peque\u00f1os perfilados de suelo, carga de material, etc &nbsp;<\/p>\n\n\n\n<figure class=\"wp-block-gallery has-nested-images columns-2 is-cropped wp-block-gallery-2 is-layout-flex wp-block-gallery-is-layout-flex\">\n<figure class=\"wp-block-image size-large\"><img loading=\"lazy\" decoding=\"async\" width=\"1024\" height=\"768\" data-id=\"1098\" src=\"http:\/\/vecchiosrl.com.ar\/index\/wp-content\/uploads\/2020\/09\/IMG_20190405_105103162-1024x768.jpg\" alt=\"\" class=\"wp-image-1098\" srcset=\"http:\/\/vecchiosrl.com.ar\/index\/wp-content\/uploads\/2020\/09\/IMG_20190405_105103162-1024x768.jpg 1024w, http:\/\/vecchiosrl.com.ar\/index\/wp-content\/uploads\/2020\/09\/IMG_20190405_105103162-300x225.jpg 300w, http:\/\/vecchiosrl.com.ar\/index\/wp-content\/uploads\/2020\/09\/IMG_20190405_105103162-768x576.jpg 768w, http:\/\/vecchiosrl.com.ar\/index\/wp-content\/uploads\/2020\/09\/IMG_20190405_105103162-1536x1152.jpg 1536w, http:\/\/vecchiosrl.com.ar\/index\/wp-content\/uploads\/2020\/09\/IMG_20190405_105103162-2048x1536.jpg 2048w\" sizes=\"auto, (max-width: 1024px) 100vw, 1024px\" \/><\/figure>\n\n\n\n<figure class=\"wp-block-image size-large\"><img loading=\"lazy\" decoding=\"async\" width=\"1024\" height=\"768\" data-id=\"1099\" src=\"http:\/\/vecchiosrl.com.ar\/index\/wp-content\/uploads\/2020\/09\/IMG_20190530_163012358_HDR-1024x768.jpg\" alt=\"\" class=\"wp-image-1099\" srcset=\"http:\/\/vecchiosrl.com.ar\/index\/wp-content\/uploads\/2020\/09\/IMG_20190530_163012358_HDR-1024x768.jpg 1024w, http:\/\/vecchiosrl.com.ar\/index\/wp-content\/uploads\/2020\/09\/IMG_20190530_163012358_HDR-300x225.jpg 300w, http:\/\/vecchiosrl.com.ar\/index\/wp-content\/uploads\/2020\/09\/IMG_20190530_163012358_HDR-768x576.jpg 768w, http:\/\/vecchiosrl.com.ar\/index\/wp-content\/uploads\/2020\/09\/IMG_20190530_163012358_HDR-1536x1152.jpg 1536w, http:\/\/vecchiosrl.com.ar\/index\/wp-content\/uploads\/2020\/09\/IMG_20190530_163012358_HDR-2048x1536.jpg 2048w\" sizes=\"auto, (max-width: 1024px) 100vw, 1024px\" \/><\/figure>\n\n\n\n<figure class=\"wp-block-image size-large\"><img loading=\"lazy\" decoding=\"async\" width=\"1024\" height=\"768\" data-id=\"1100\" src=\"http:\/\/vecchiosrl.com.ar\/index\/wp-content\/uploads\/2020\/09\/Bases-Electroluz-6-2016-1024x768.jpg\" alt=\"\" class=\"wp-image-1100\" srcset=\"http:\/\/vecchiosrl.com.ar\/index\/wp-content\/uploads\/2020\/09\/Bases-Electroluz-6-2016-1024x768.jpg 1024w, http:\/\/vecchiosrl.com.ar\/index\/wp-content\/uploads\/2020\/09\/Bases-Electroluz-6-2016-300x225.jpg 300w, http:\/\/vecchiosrl.com.ar\/index\/wp-content\/uploads\/2020\/09\/Bases-Electroluz-6-2016-768x576.jpg 768w, http:\/\/vecchiosrl.com.ar\/index\/wp-content\/uploads\/2020\/09\/Bases-Electroluz-6-2016-1536x1152.jpg 1536w, http:\/\/vecchiosrl.com.ar\/index\/wp-content\/uploads\/2020\/09\/Bases-Electroluz-6-2016-2048x1536.jpg 2048w\" sizes=\"auto, (max-width: 1024px) 100vw, 1024px\" \/><\/figure>\n<\/figure>\n\n\n\n<h1 class=\"wp-block-heading\">MOTONIVELADORAS<\/h1>\n\n\n\n<p>Contamos con tres motoniveladoras, una de las maquinas viales m\u00e1s vers\u00e1til, ya que la misma nos permite nivelar, modelar y dar pendiente necesaria al material con el que se trabaja, es considerada una m\u00e1quina de terminaci\u00f3n superficial y su versatilidad est\u00e1 dada por los diferentes movimientos que nos permite realizar su hoja y por la serie de accesorios que se le puede adosar dependiendo de la exigencia del trabajo para el que se la utilice.<\/p>\n\n\n\n<figure class=\"wp-block-gallery has-nested-images columns-2 is-cropped wp-block-gallery-3 is-layout-flex wp-block-gallery-is-layout-flex\">\n<figure class=\"wp-block-image size-large\"><img loading=\"lazy\" decoding=\"async\" width=\"1024\" height=\"678\" data-id=\"941\" src=\"http:\/\/vecchiosrl.com.ar\/index\/wp-content\/uploads\/2020\/06\/MON_5660a-copia-1-1024x678.jpg\" alt=\"\" class=\"wp-image-941\" srcset=\"http:\/\/vecchiosrl.com.ar\/index\/wp-content\/uploads\/2020\/06\/MON_5660a-copia-1-1024x678.jpg 1024w, http:\/\/vecchiosrl.com.ar\/index\/wp-content\/uploads\/2020\/06\/MON_5660a-copia-1-300x199.jpg 300w, http:\/\/vecchiosrl.com.ar\/index\/wp-content\/uploads\/2020\/06\/MON_5660a-copia-1-768x509.jpg 768w, http:\/\/vecchiosrl.com.ar\/index\/wp-content\/uploads\/2020\/06\/MON_5660a-copia-1-1536x1017.jpg 1536w, http:\/\/vecchiosrl.com.ar\/index\/wp-content\/uploads\/2020\/06\/MON_5660a-copia-1-2048x1356.jpg 2048w\" sizes=\"auto, (max-width: 1024px) 100vw, 1024px\" \/><\/figure>\n\n\n\n<figure class=\"wp-block-image size-large\"><img loading=\"lazy\" decoding=\"async\" width=\"1024\" height=\"678\" data-id=\"952\" src=\"http:\/\/vecchiosrl.com.ar\/index\/wp-content\/uploads\/2020\/06\/MON_1874-2-1024x678.jpg\" alt=\"\" class=\"wp-image-952\" srcset=\"http:\/\/vecchiosrl.com.ar\/index\/wp-content\/uploads\/2020\/06\/MON_1874-2-1024x678.jpg 1024w, http:\/\/vecchiosrl.com.ar\/index\/wp-content\/uploads\/2020\/06\/MON_1874-2-300x199.jpg 300w, http:\/\/vecchiosrl.com.ar\/index\/wp-content\/uploads\/2020\/06\/MON_1874-2-768x509.jpg 768w, http:\/\/vecchiosrl.com.ar\/index\/wp-content\/uploads\/2020\/06\/MON_1874-2-1536x1017.jpg 1536w, http:\/\/vecchiosrl.com.ar\/index\/wp-content\/uploads\/2020\/06\/MON_1874-2-2048x1356.jpg 2048w\" sizes=\"auto, (max-width: 1024px) 100vw, 1024px\" \/><\/figure>\n\n\n\n<figure class=\"wp-block-image size-large\"><img loading=\"lazy\" decoding=\"async\" width=\"1024\" height=\"768\" data-id=\"954\" src=\"http:\/\/vecchiosrl.com.ar\/index\/wp-content\/uploads\/2020\/06\/22-1024x768.jpg\" alt=\"\" class=\"wp-image-954\" srcset=\"http:\/\/vecchiosrl.com.ar\/index\/wp-content\/uploads\/2020\/06\/22-1024x768.jpg 1024w, http:\/\/vecchiosrl.com.ar\/index\/wp-content\/uploads\/2020\/06\/22-300x225.jpg 300w, http:\/\/vecchiosrl.com.ar\/index\/wp-content\/uploads\/2020\/06\/22-768x576.jpg 768w, http:\/\/vecchiosrl.com.ar\/index\/wp-content\/uploads\/2020\/06\/22-1536x1152.jpg 1536w, http:\/\/vecchiosrl.com.ar\/index\/wp-content\/uploads\/2020\/06\/22-2048x1536.jpg 2048w\" sizes=\"auto, (max-width: 1024px) 100vw, 1024px\" \/><\/figure>\n<\/figure>\n\n\n\n<h1 class=\"wp-block-heading\">PALAS CARGADORAS<\/h1>\n\n\n\n<p>Contamos con seis cargadoras frontales con capacidades 1,5 a 5,0 m3, las que usualmente se usan para cargar material, tambi\u00e9n para perfilar o topar suelo.<\/p>\n\n\n\n<figure class=\"wp-block-gallery has-nested-images columns-2 is-cropped wp-block-gallery-4 is-layout-flex wp-block-gallery-is-layout-flex\">\n<figure class=\"wp-block-image size-large\"><img loading=\"lazy\" decoding=\"async\" width=\"1024\" height=\"683\" data-id=\"942\" src=\"http:\/\/vecchiosrl.com.ar\/index\/wp-content\/uploads\/2020\/06\/DSC_1353-1024x683.jpg\" alt=\"\" class=\"wp-image-942\" srcset=\"http:\/\/vecchiosrl.com.ar\/index\/wp-content\/uploads\/2020\/06\/DSC_1353-1024x683.jpg 1024w, http:\/\/vecchiosrl.com.ar\/index\/wp-content\/uploads\/2020\/06\/DSC_1353-300x200.jpg 300w, http:\/\/vecchiosrl.com.ar\/index\/wp-content\/uploads\/2020\/06\/DSC_1353-768x512.jpg 768w, http:\/\/vecchiosrl.com.ar\/index\/wp-content\/uploads\/2020\/06\/DSC_1353-1536x1024.jpg 1536w, http:\/\/vecchiosrl.com.ar\/index\/wp-content\/uploads\/2020\/06\/DSC_1353-2048x1365.jpg 2048w, http:\/\/vecchiosrl.com.ar\/index\/wp-content\/uploads\/2020\/06\/DSC_1353-450x300.jpg 450w, http:\/\/vecchiosrl.com.ar\/index\/wp-content\/uploads\/2020\/06\/DSC_1353-272x182.jpg 272w\" sizes=\"auto, (max-width: 1024px) 100vw, 1024px\" \/><\/figure>\n\n\n\n<figure class=\"wp-block-image size-large\"><img loading=\"lazy\" decoding=\"async\" width=\"1024\" height=\"683\" data-id=\"945\" src=\"http:\/\/vecchiosrl.com.ar\/index\/wp-content\/uploads\/2020\/06\/DSC_1356-1-1024x683.jpg\" alt=\"\" class=\"wp-image-945\" srcset=\"http:\/\/vecchiosrl.com.ar\/index\/wp-content\/uploads\/2020\/06\/DSC_1356-1-1024x683.jpg 1024w, http:\/\/vecchiosrl.com.ar\/index\/wp-content\/uploads\/2020\/06\/DSC_1356-1-300x200.jpg 300w, http:\/\/vecchiosrl.com.ar\/index\/wp-content\/uploads\/2020\/06\/DSC_1356-1-768x512.jpg 768w, http:\/\/vecchiosrl.com.ar\/index\/wp-content\/uploads\/2020\/06\/DSC_1356-1-1536x1024.jpg 1536w, http:\/\/vecchiosrl.com.ar\/index\/wp-content\/uploads\/2020\/06\/DSC_1356-1-2048x1365.jpg 2048w, http:\/\/vecchiosrl.com.ar\/index\/wp-content\/uploads\/2020\/06\/DSC_1356-1-450x300.jpg 450w, http:\/\/vecchiosrl.com.ar\/index\/wp-content\/uploads\/2020\/06\/DSC_1356-1-272x182.jpg 272w\" sizes=\"auto, (max-width: 1024px) 100vw, 1024px\" \/><\/figure>\n\n\n\n<figure class=\"wp-block-image size-large\"><img loading=\"lazy\" decoding=\"async\" width=\"1024\" height=\"768\" data-id=\"946\" src=\"http:\/\/vecchiosrl.com.ar\/index\/wp-content\/uploads\/2020\/06\/DSCN8938-1024x768.jpg\" alt=\"\" class=\"wp-image-946\" srcset=\"http:\/\/vecchiosrl.com.ar\/index\/wp-content\/uploads\/2020\/06\/DSCN8938-1024x768.jpg 1024w, http:\/\/vecchiosrl.com.ar\/index\/wp-content\/uploads\/2020\/06\/DSCN8938-300x225.jpg 300w, http:\/\/vecchiosrl.com.ar\/index\/wp-content\/uploads\/2020\/06\/DSCN8938-768x576.jpg 768w, http:\/\/vecchiosrl.com.ar\/index\/wp-content\/uploads\/2020\/06\/DSCN8938-1536x1152.jpg 1536w, http:\/\/vecchiosrl.com.ar\/index\/wp-content\/uploads\/2020\/06\/DSCN8938-2048x1536.jpg 2048w\" sizes=\"auto, (max-width: 1024px) 100vw, 1024px\" \/><\/figure>\n\n\n\n<figure class=\"wp-block-image size-large\"><img loading=\"lazy\" decoding=\"async\" width=\"1024\" height=\"683\" data-id=\"947\" src=\"http:\/\/vecchiosrl.com.ar\/index\/wp-content\/uploads\/2020\/06\/DSC_1373-1024x683.jpg\" alt=\"\" class=\"wp-image-947\" srcset=\"http:\/\/vecchiosrl.com.ar\/index\/wp-content\/uploads\/2020\/06\/DSC_1373-1024x683.jpg 1024w, http:\/\/vecchiosrl.com.ar\/index\/wp-content\/uploads\/2020\/06\/DSC_1373-300x200.jpg 300w, http:\/\/vecchiosrl.com.ar\/index\/wp-content\/uploads\/2020\/06\/DSC_1373-768x512.jpg 768w, http:\/\/vecchiosrl.com.ar\/index\/wp-content\/uploads\/2020\/06\/DSC_1373-1536x1024.jpg 1536w, http:\/\/vecchiosrl.com.ar\/index\/wp-content\/uploads\/2020\/06\/DSC_1373-2048x1365.jpg 2048w, http:\/\/vecchiosrl.com.ar\/index\/wp-content\/uploads\/2020\/06\/DSC_1373-450x300.jpg 450w, http:\/\/vecchiosrl.com.ar\/index\/wp-content\/uploads\/2020\/06\/DSC_1373-272x182.jpg 272w\" sizes=\"auto, (max-width: 1024px) 100vw, 1024px\" \/><\/figure>\n<\/figure>\n\n\n\n<h1 class=\"wp-block-heading\">COMPACTADORES<\/h1>\n\n\n\n<p>Contamos con compactadores autopropulsados, con las alternativas de rodillo liso o pata de cabra, dependiendo del trabajo para el que se los solicite.<\/p>\n\n\n\n<p>Son utilizados para compactar suelos con espesores de hasta 30cm. Y su peso var\u00eda entre 5 a 10 tn. Ya que cuentan con dep\u00f3sitos de lastre que, generalmente, se llenan con agua o arena, lo cual permite aumentar la presi\u00f3n trasmitida al terreno.<\/p>\n\n\n\n<figure class=\"wp-block-gallery has-nested-images columns-2 is-cropped wp-block-gallery-5 is-layout-flex wp-block-gallery-is-layout-flex\">\n<figure class=\"wp-block-image size-large\"><img loading=\"lazy\" decoding=\"async\" width=\"1024\" height=\"678\" data-id=\"931\" src=\"http:\/\/vecchiosrl.com.ar\/index\/wp-content\/uploads\/2020\/06\/WhatsApp-Image-2020-05-11-at-12.38.21-3-1024x678.jpeg\" alt=\"\" class=\"wp-image-931\" srcset=\"http:\/\/vecchiosrl.com.ar\/index\/wp-content\/uploads\/2020\/06\/WhatsApp-Image-2020-05-11-at-12.38.21-3-1024x678.jpeg 1024w, http:\/\/vecchiosrl.com.ar\/index\/wp-content\/uploads\/2020\/06\/WhatsApp-Image-2020-05-11-at-12.38.21-3-300x199.jpeg 300w, http:\/\/vecchiosrl.com.ar\/index\/wp-content\/uploads\/2020\/06\/WhatsApp-Image-2020-05-11-at-12.38.21-3-768x508.jpeg 768w, http:\/\/vecchiosrl.com.ar\/index\/wp-content\/uploads\/2020\/06\/WhatsApp-Image-2020-05-11-at-12.38.21-3.jpeg 1280w\" sizes=\"auto, (max-width: 1024px) 100vw, 1024px\" \/><figcaption>Compactador con rodillo pata de cabra<\/figcaption><\/figure>\n\n\n\n<figure class=\"wp-block-image size-large\"><img loading=\"lazy\" decoding=\"async\" width=\"1024\" height=\"768\" data-id=\"1101\" src=\"http:\/\/vecchiosrl.com.ar\/index\/wp-content\/uploads\/2020\/09\/2016-05-10-16.51.18-1024x768.jpg\" alt=\"\" class=\"wp-image-1101\" srcset=\"http:\/\/vecchiosrl.com.ar\/index\/wp-content\/uploads\/2020\/09\/2016-05-10-16.51.18-1024x768.jpg 1024w, http:\/\/vecchiosrl.com.ar\/index\/wp-content\/uploads\/2020\/09\/2016-05-10-16.51.18-300x225.jpg 300w, http:\/\/vecchiosrl.com.ar\/index\/wp-content\/uploads\/2020\/09\/2016-05-10-16.51.18-768x576.jpg 768w, http:\/\/vecchiosrl.com.ar\/index\/wp-content\/uploads\/2020\/09\/2016-05-10-16.51.18-1536x1152.jpg 1536w, http:\/\/vecchiosrl.com.ar\/index\/wp-content\/uploads\/2020\/09\/2016-05-10-16.51.18-2048x1536.jpg 2048w\" sizes=\"auto, (max-width: 1024px) 100vw, 1024px\" \/><figcaption>Compactador con rodillo liso<\/figcaption><\/figure>\n\n\n\n<figure class=\"wp-block-image size-large\"><img loading=\"lazy\" decoding=\"async\" width=\"1024\" height=\"874\" data-id=\"1102\" src=\"http:\/\/vecchiosrl.com.ar\/index\/wp-content\/uploads\/2020\/09\/20200430_141535-1024x874.jpg\" alt=\"\" class=\"wp-image-1102\" srcset=\"http:\/\/vecchiosrl.com.ar\/index\/wp-content\/uploads\/2020\/09\/20200430_141535-1024x874.jpg 1024w, http:\/\/vecchiosrl.com.ar\/index\/wp-content\/uploads\/2020\/09\/20200430_141535-300x256.jpg 300w, http:\/\/vecchiosrl.com.ar\/index\/wp-content\/uploads\/2020\/09\/20200430_141535-768x656.jpg 768w, http:\/\/vecchiosrl.com.ar\/index\/wp-content\/uploads\/2020\/09\/20200430_141535-1536x1311.jpg 1536w, http:\/\/vecchiosrl.com.ar\/index\/wp-content\/uploads\/2020\/09\/20200430_141535-2048x1749.jpg 2048w\" sizes=\"auto, (max-width: 1024px) 100vw, 1024px\" \/><\/figure>\n\n\n\n<figure class=\"wp-block-image size-large\"><img loading=\"lazy\" decoding=\"async\" width=\"1024\" height=\"576\" data-id=\"1103\" src=\"http:\/\/vecchiosrl.com.ar\/index\/wp-content\/uploads\/2020\/09\/IMG_20180202_154237474_HDR-1024x576.jpg\" alt=\"\" class=\"wp-image-1103\" srcset=\"http:\/\/vecchiosrl.com.ar\/index\/wp-content\/uploads\/2020\/09\/IMG_20180202_154237474_HDR-1024x576.jpg 1024w, http:\/\/vecchiosrl.com.ar\/index\/wp-content\/uploads\/2020\/09\/IMG_20180202_154237474_HDR-300x169.jpg 300w, http:\/\/vecchiosrl.com.ar\/index\/wp-content\/uploads\/2020\/09\/IMG_20180202_154237474_HDR-768x432.jpg 768w, http:\/\/vecchiosrl.com.ar\/index\/wp-content\/uploads\/2020\/09\/IMG_20180202_154237474_HDR-1536x864.jpg 1536w, http:\/\/vecchiosrl.com.ar\/index\/wp-content\/uploads\/2020\/09\/IMG_20180202_154237474_HDR-2048x1152.jpg 2048w\" sizes=\"auto, (max-width: 1024px) 100vw, 1024px\" \/><\/figure>\n<\/figure>\n","protected":false},"excerpt":{"rendered":"<p>Amplia flota de veh\u00edculos&nbsp; destinada a obras viales y movimientos de suelo. EXCAVADORAS Contamos con tres excavadoras sobre orugas, utilizadas generalmente en movimientos de suelo de mayor envergadura, teniendo en cuenta que las mismas cuentan con baldes que oscilan entre 1,20 a 1,50 m3 de capacidad, y brazos de trabajo con mayor alcance logrando mayores [&hellip;]<\/p>\n","protected":false},"author":2,"featured_media":0,"parent":94,"menu_order":0,"comment_status":"closed","ping_status":"closed","template":"","meta":{"_joinchat":[],"footnotes":""},"class_list":["post-911","page","type-page","status-publish","hentry"],"_links":{"self":[{"href":"http:\/\/vecchiosrl.com.ar\/index\/wp-json\/wp\/v2\/pages\/911","targetHints":{"allow":["GET"]}}],"collection":[{"href":"http:\/\/vecchiosrl.com.ar\/index\/wp-json\/wp\/v2\/pages"}],"about":[{"href":"http:\/\/vecchiosrl.com.ar\/index\/wp-json\/wp\/v2\/types\/page"}],"author":[{"embeddable":true,"href":"http:\/\/vecchiosrl.com.ar\/index\/wp-json\/wp\/v2\/users\/2"}],"replies":[{"embeddable":true,"href":"http:\/\/vecchiosrl.com.ar\/index\/wp-json\/wp\/v2\/comments?post=911"}],"version-history":[{"count":16,"href":"http:\/\/vecchiosrl.com.ar\/index\/wp-json\/wp\/v2\/pages\/911\/revisions"}],"predecessor-version":[{"id":1311,"href":"http:\/\/vecchiosrl.com.ar\/index\/wp-json\/wp\/v2\/pages\/911\/revisions\/1311"}],"up":[{"embeddable":true,"href":"http:\/\/vecchiosrl.com.ar\/index\/wp-json\/wp\/v2\/pages\/94"}],"wp:attachment":[{"href":"http:\/\/vecchiosrl.com.ar\/index\/wp-json\/wp\/v2\/media?parent=911"}],"curies":[{"name":"wp","href":"https:\/\/api.w.org\/{rel}","templated":true}]}}